{"id":20,"date":"2012-01-07T11:14:15","date_gmt":"2012-01-07T11:14:15","guid":{"rendered":"https:\/\/curatoriaforense.net\/_residencias\/and_so_on\/?page_id=20"},"modified":"2012-01-14T14:52:40","modified_gmt":"2012-01-14T14:52:40","slug":"calendario-actividades","status":"publish","type":"page","link":"https:\/\/curatoriaforense.net\/_residencias\/and_so_on\/?page_id=20","title":{"rendered":"Calendario de Actividades"},"content":{"rendered":"<table width=\"100%\" border=\"0\">\n<tbody>\n<tr>\n<td style=\"text-align: center;\" bgcolor=\"#FF9900\">Fecha<\/td>\n<td style=\"text-align: center;\" bgcolor=\"#FF9900\">Hora<\/td>\n<td style=\"text-align: center;\" bgcolor=\"#FF9900\">Actividad<\/td>\n<\/tr>\n<tr>\n<td bgcolor=\"#D5D5D5\">martes 17 de enero<\/td>\n<td bgcolor=\"#D5D5D5\">\u00a016:00 hrs<\/td>\n<td bgcolor=\"#D5D5D5\"><strong>Presentaci\u00f3n de Portafolios<\/strong> de los participantes de la Residencia de Arte Contempor\u00e1neo.<\/td>\n<\/tr>\n<tr>\n<td bgcolor=\"#D5D5D5\">mi\u00e9rcoles 18 de enero<\/td>\n<td bgcolor=\"#D5D5D5\">\u00a019:00 hrs<\/td>\n<td bgcolor=\"#D5D5D5\"><strong>Reuni\u00f3n con gestores culturales y sociales de Valpara\u00edso<\/strong>. \u00bfParticipas de una gesti\u00f3n social o cultural? Escr\u00edbenos a brainstorming@curatoriaforense.net<\/td>\n<\/tr>\n<tr>\n<td bgcolor=\"#D5D5D5\">viernes 20 de enero<\/td>\n<td bgcolor=\"#D5D5D5\">\u00a008:00 hrs. a 22:00 hrs<\/td>\n<td bgcolor=\"#D5D5D5\"><strong>Visita a Santiago de Chile<\/strong>. \u00bfQuieres recorrer las muestras, almorzar con nosotros y participar del debate?\u00a0\u00a0Escr\u00edbenos a brainstorming@curatoriaforense.net<\/td>\n<\/tr>\n<tr>\n<td bgcolor=\"#D5D5D5\">21 al 22 de enero<\/td>\n<td bgcolor=\"#D5D5D5\"><\/td>\n<td bgcolor=\"#D5D5D5\">\u00a0Actividades con la comunidad.<\/td>\n<\/tr>\n<tr>\n<td bgcolor=\"#D5D5D5\">\u00a023 al 26 de enero<\/td>\n<td bgcolor=\"#D5D5D5\"><\/td>\n<td bgcolor=\"#D5D5D5\">\u00a0Actividades con la comunidad.<\/td>\n<\/tr>\n<tr>\n<td bgcolor=\"#D5D5D5\"><\/td>\n<td bgcolor=\"#D5D5D5\"><\/td>\n<td bgcolor=\"#D5D5D5\"><\/td>\n<\/tr>\n<\/tbody>\n<\/table>\n<p>Las actividades se realizan en el<strong> Parque Cultural Valpara\u00edso<\/strong>, Av. Cummings s\/n (Cerro C\u00e1rcel, Valpara\u00edso, Chile) a menos que se indique lo contrario.<\/p>\n<p>Todas las actividades son de acceso libre y gratuito.<\/p>\n<p>Algunas actividades pueden sufrir modificaciones. <a href=\"https:\/\/curatoriaforense.net\/niued\/?page_id=196\" target=\"_blank\">Recibe el bolet\u00edn de noticias de Curator\u00eda Forense.\u00a0<\/a><\/p>\n","protected":false},"excerpt":{"rendered":"<p>Fecha Hora Actividad martes 17 de enero \u00a016:00 hrs Presentaci\u00f3n de Portafolios de los participantes de la Residencia de Arte Contempor\u00e1neo. mi\u00e9rcoles 18 de enero \u00a019:00 hrs Reuni\u00f3n con gestores&hellip;<\/p>\n","protected":false},"author":3,"featured_media":0,"parent":0,"menu_order":0,"comment_status":"open","ping_status":"open","template":"","meta":{"ngg_post_thumbnail":0,"footnotes":""},"class_list":["post-20","page","type-page","status-publish","hentry"],"_links":{"self":[{"href":"https:\/\/curatoriaforense.net\/_residencias\/and_so_on\/index.php?rest_route=\/wp\/v2\/pages\/20","targetHints":{"allow":["GET"]}}],"collection":[{"href":"https:\/\/curatoriaforense.net\/_residencias\/and_so_on\/index.php?rest_route=\/wp\/v2\/pages"}],"about":[{"href":"https:\/\/curatoriaforense.net\/_residencias\/and_so_on\/index.php?rest_route=\/wp\/v2\/types\/page"}],"author":[{"embeddable":true,"href":"https:\/\/curatoriaforense.net\/_residencias\/and_so_on\/index.php?rest_route=\/wp\/v2\/users\/3"}],"replies":[{"embeddable":true,"href":"https:\/\/curatoriaforense.net\/_residencias\/and_so_on\/index.php?rest_route=%2Fwp%2Fv2%2Fcomments&post=20"}],"version-history":[{"count":8,"href":"https:\/\/curatoriaforense.net\/_residencias\/and_so_on\/index.php?rest_route=\/wp\/v2\/pages\/20\/revisions"}],"predecessor-version":[{"id":27,"href":"https:\/\/curatoriaforense.net\/_residencias\/and_so_on\/index.php?rest_route=\/wp\/v2\/pages\/20\/revisions\/27"}],"wp:attachment":[{"href":"https:\/\/curatoriaforense.net\/_residencias\/and_so_on\/index.php?rest_route=%2Fwp%2Fv2%2Fmedia&parent=20"}],"curies":[{"name":"wp","href":"https:\/\/api.w.org\/{rel}","templated":true}]}}