{"id":2,"date":"2013-10-21T13:50:19","date_gmt":"2013-10-21T13:50:19","guid":{"rendered":"https:\/\/curatoriaforense.net\/_residencias\/consensuardisentir\/?page_id=2"},"modified":"2013-10-28T00:24:59","modified_gmt":"2013-10-28T00:24:59","slug":"sample-page","status":"publish","type":"page","link":"https:\/\/curatoriaforense.net\/_residencias\/consensuardisentir\/?page_id=2","title":{"rendered":"equipo de trabajo"},"content":{"rendered":"<p style=\"text-align: justify;\"><a href=\"https:\/\/curatoriaforense.net\/_residencias\/consensuardisentir\/wp-content\/uploads\/2013\/10\/consensuar_disentir_residencia_morelia_mexico_octubre_2015.jpg\"><img loading=\"lazy\" decoding=\"async\" class=\"alignnone size-medium wp-image-31\" alt=\"consensuar_disentir_residencia_morelia_mexico_octubre_2015\" src=\"https:\/\/curatoriaforense.net\/_residencias\/consensuardisentir\/wp-content\/uploads\/2013\/10\/consensuar_disentir_residencia_morelia_mexico_octubre_2015-300x200.jpg\" width=\"300\" height=\"200\" srcset=\"https:\/\/curatoriaforense.net\/_residencias\/consensuardisentir\/wp-content\/uploads\/2013\/10\/consensuar_disentir_residencia_morelia_mexico_octubre_2015-300x200.jpg 300w, https:\/\/curatoriaforense.net\/_residencias\/consensuardisentir\/wp-content\/uploads\/2013\/10\/consensuar_disentir_residencia_morelia_mexico_octubre_2015-800x534.jpg 800w, https:\/\/curatoriaforense.net\/_residencias\/consensuardisentir\/wp-content\/uploads\/2013\/10\/consensuar_disentir_residencia_morelia_mexico_octubre_2015-600x400.jpg 600w, https:\/\/curatoriaforense.net\/_residencias\/consensuardisentir\/wp-content\/uploads\/2013\/10\/consensuar_disentir_residencia_morelia_mexico_octubre_2015-595x397.jpg 595w, https:\/\/curatoriaforense.net\/_residencias\/consensuardisentir\/wp-content\/uploads\/2013\/10\/consensuar_disentir_residencia_morelia_mexico_octubre_2015.jpg 900w\" sizes=\"auto, (max-width: 300px) 100vw, 300px\" \/><\/a><\/p>\n<p style=\"text-align: justify;\">El equipo de trabajo de la residencia de arte contempor\u00e1neo [CONSENSUAR\/DISENTIR] \u00a0est\u00e1 coordinado por Jorge Sep\u00falveda T. (curador independiente), Ilze Petroni (investigadora de arte contempor\u00e1neo) y Juan Carlos Jim\u00e9nez.<\/p>\n<p style=\"text-align: justify;\">Esta residencia es organizada por\u00a0<a href=\"https:\/\/curatoriaforense.net\/\" target=\"_blank\">Curator\u00eda Forense<\/a>\u00a0y\u00a0Museo de Arte Contempor\u00e1neo \u201cAlfredo\u00a0Zalce\u201d (Morelia, M\u00e9xico)\u00a0y cuenta con la colaboraci\u00f3n de la Secretar\u00eda de Cultura de Michoac\u00e1n, M\u00e9xico.<\/p>\n<p style=\"text-align: justify;\">Participan:\u00a0<a href=\"https:\/\/curatoriaforense.net\/_residencias\/consensuardisentir\/?tag=alicia-valente\" target=\"_blank\">Alicia Karina Valente<\/a> (La Plata, Argentina), <a href=\"https:\/\/curatoriaforense.net\/_residencias\/consensuardisentir\/?tag=antonio-griton\" target=\"_blank\">Antonio Grit\u00f3n<\/a> (M\u00e9xico DF, M\u00e9xico), <a href=\"https:\/\/curatoriaforense.net\/_residencias\/consensuardisentir\/?tag=claudia-paim\" target=\"_blank\">Claudia Paim<\/a> (Porto Alegre, Brasil), <a href=\"https:\/\/curatoriaforense.net\/_residencias\/consensuardisentir\/?tag=elisangela-felber\" target=\"_blank\">Elis\u00e2ngela Felber Maccari<\/a> (Curitiba, Brasil), <a href=\"https:\/\/curatoriaforense.net\/_residencias\/consensuardisentir\/?tag=eric-markowski\" target=\"_blank\">Eric Markowski<\/a> (La Plata, Argentina), <a href=\"https:\/\/curatoriaforense.net\/_residencias\/consensuardisentir\/?tag=israel-torres\" target=\"_blank\">Israel Torres Rangel<\/a> (M\u00e9xico DF, M\u00e9xico), <a href=\"https:\/\/curatoriaforense.net\/_residencias\/consensuardisentir\/?tag=julia-dron\" target=\"_blank\">Julia Dron<\/a> (La Plata, Argentina), <a href=\"https:\/\/curatoriaforense.net\/_residencias\/consensuardisentir\/?tag=laura-chenillo\" target=\"_blank\">Laura Chenillo Alazraki<\/a>\u00a0(M\u00e9xico DF, M\u00e9xico), <a href=\"https:\/\/curatoriaforense.net\/_residencias\/consensuardisentir\/?tag=lauren-elder\" target=\"_blank\">Lauren Elder<\/a> (Oakland, EE.UU.), <a href=\"https:\/\/curatoriaforense.net\/_residencias\/consensuardisentir\/?tag=lucia-gentile\" target=\"_blank\">Luc\u00eda Gentile<\/a> (La Plata, Argentina), <a href=\"https:\/\/curatoriaforense.net\/_residencias\/consensuardisentir\/?tag=manuel-gonzalez\" target=\"_blank\">Manuel Eduardo Gonz\u00e1lez<\/a> (Caracas, Venezuela), Ricardo Arcos Palma (Bogot\u00e1, Colombia), <a href=\"https:\/\/curatoriaforense.net\/_residencias\/consensuardisentir\/?tag=rosario-salgado\" target=\"_blank\">Rosarito Salgado<\/a> (La Plata, Argentina), <a href=\"https:\/\/curatoriaforense.net\/_residencias\/consensuardisentir\/?tag=ruben-dario-romani\" target=\"_blank\">Rub\u00e9n Dar\u00edo Romani Ferreyra <\/a>(Mendoza, Argentina), Ver\u00f3nica Navajas (Buenos Aires,\u00a0Argentina) y <a href=\"https:\/\/curatoriaforense.net\/_residencias\/consensuardisentir\/?tag=veronica-toscano\" target=\"_blank\">Ver\u00f3nica Toscano <\/a>(M\u00e9xico DF, M\u00e9xico).<\/p>\n","protected":false},"excerpt":{"rendered":"<p>El equipo de trabajo de la residencia de arte contempor\u00e1neo [CONSENSUAR\/DISENTIR] \u00a0est\u00e1 coordinado por Jorge Sep\u00falveda T. (curador independiente), Ilze Petroni (investigadora de arte contempor\u00e1neo) y Juan Carlos Jim\u00e9nez. Esta&hellip;<\/p>\n","protected":false},"author":1,"featured_media":31,"parent":0,"menu_order":0,"comment_status":"open","ping_status":"open","template":"","meta":{"ngg_post_thumbnail":0,"footnotes":""},"class_list":["post-2","page","type-page","status-publish","has-post-thumbnail","hentry"],"_links":{"self":[{"href":"https:\/\/curatoriaforense.net\/_residencias\/consensuardisentir\/index.php?rest_route=\/wp\/v2\/pages\/2","targetHints":{"allow":["GET"]}}],"collection":[{"href":"https:\/\/curatoriaforense.net\/_residencias\/consensuardisentir\/index.php?rest_route=\/wp\/v2\/pages"}],"about":[{"href":"https:\/\/curatoriaforense.net\/_residencias\/consensuardisentir\/index.php?rest_route=\/wp\/v2\/types\/page"}],"author":[{"embeddable":true,"href":"https:\/\/curatoriaforense.net\/_residencias\/consensuardisentir\/index.php?rest_route=\/wp\/v2\/users\/1"}],"replies":[{"embeddable":true,"href":"https:\/\/curatoriaforense.net\/_residencias\/consensuardisentir\/index.php?rest_route=%2Fwp%2Fv2%2Fcomments&post=2"}],"version-history":[{"count":10,"href":"https:\/\/curatoriaforense.net\/_residencias\/consensuardisentir\/index.php?rest_route=\/wp\/v2\/pages\/2\/revisions"}],"predecessor-version":[{"id":201,"href":"https:\/\/curatoriaforense.net\/_residencias\/consensuardisentir\/index.php?rest_route=\/wp\/v2\/pages\/2\/revisions\/201"}],"wp:featuredmedia":[{"embeddable":true,"href":"https:\/\/curatoriaforense.net\/_residencias\/consensuardisentir\/index.php?rest_route=\/wp\/v2\/media\/31"}],"wp:attachment":[{"href":"https:\/\/curatoriaforense.net\/_residencias\/consensuardisentir\/index.php?rest_route=%2Fwp%2Fv2%2Fmedia&parent=2"}],"curies":[{"name":"wp","href":"https:\/\/api.w.org\/{rel}","templated":true}]}}