{"id":12,"date":"2011-12-31T18:12:02","date_gmt":"2011-12-31T18:12:02","guid":{"rendered":"https:\/\/curatoriaforense.net\/_residencias\/deusopublico\/?page_id=12"},"modified":"2013-12-26T02:10:00","modified_gmt":"2013-12-26T02:10:00","slug":"cf-summer-camps","status":"publish","type":"page","link":"https:\/\/curatoriaforense.net\/_residencias\/deusopublico\/?page_id=12","title":{"rendered":"otras Residencias de Arte"},"content":{"rendered":"<table width=\"500\" border=\"0\">\n<tbody>\n<tr>\n<td valign=\"top\" width=\"50%\">\n<div>Desde enero de 2010, el grupo de trabajo en arte contempor\u00e1neo <a href=\"https:\/\/curatoriaforense.net\/\" target=\"_blank\"><strong>Curator\u00eda Forense &#8211; Latinoam\u00e9rica<\/strong><\/a> ha coordinado -en conjunto con gestiones aut\u00f3nomas locales e instituciones de arte de siete pa\u00edses de Am\u00e9rica Latina (Argentina, Brasil, Chile, Colombia, Ecuador, M\u00e9xico y Uruguay)- un total de 13 residencias de arte contempor\u00e1neo en formato summer camp, que contaron con la participaci\u00f3n de 178 artistas, curadores, investigadores, historiadores y gestores de arte contempor\u00e1neo.<\/div>\n<div><\/div>\n<div>Cada una de ellas se fundamenta en el trabajo colaborativo entre los participantes, invitados y agentes culturales locales y est\u00e1n dedicadas a tratar problem\u00e1ticas de arte contempor\u00e1neo que sean relevantes para el contexto en que se realizan; enfatizando el debate, investigaci\u00f3n y producci\u00f3n colectiva a partir de encuentros y conversaciones, intervenciones, registros (fotogr\u00e1ficos, video, sonido, etc.) y textos de an\u00e1lisis, entre otros.<\/div>\n<div>\n<div><\/div>\n<div>Estas residencias est\u00e1n orientadas a artistas visuales contempor\u00e1neos, historiadores e investigadores de arte, curadores, gestores y otros agentes culturales. Toda la informaci\u00f3n, incluyendo equipos de trabajo, actividades y publicaciones est\u00e1n disponibles en el sitio de<strong><a href=\"https:\/\/curatoriaforense.net\/_residencias\/\" target=\"_blank\"> Residencias de Arte Contempor\u00e1neo en formato summer camp<\/a><\/strong>.<\/div>\n<\/div>\n<\/td>\n<td valign=\"top\" width=\"10\"><\/td>\n<td valign=\"top\" width=\"50%\">\n<div>\n<p>Since January 2010,\u00a0<a href=\"https:\/\/curatoriaforense.net\/\" target=\"_blank\"><strong><em>Curator\u00eda Forense<\/em><\/strong><\/a>\u00a0has coordinated -together with local autonomous art spaces and institutions of seven Latin American countries (Argentina, Brazil, Chile, Colombia, Ecuador, Mexico and Uruguay)- thirteen contemporary art residencies in the summer camp format, in which 178 artists, curators, researchers, historians and contemporary art promoters have already participated.<\/p>\n<p>They are based on collaborative work between participants, guests and local cultural agents and focused on contemporary art issues relevant to the context in which each residency takes place.<\/p>\n<p>The residencies emphasize discussions, research and group production of meetings and conversations, interventions, records (photographic, audiovisual, etc.) and analytical texts, among others.<\/p>\n<\/div>\n<div>\n<p>These residencies are oriented to contemporary visual artists, art historians and researchers, curators, cultural promoters and other agents.<\/p>\n<p>All information -including teams, events and publications- is available at <a href=\"https:\/\/curatoriaforense.net\/_residencias\/\" target=\"_blank\"><strong>Residencies in the Summer Camp Format<\/strong><\/a>.<\/p>\n<\/div>\n<\/td>\n<\/tr>\n<\/tbody>\n<\/table>\n<p>&nbsp;<\/p>\n<table width=\"100%\" border=\"0\">\n<tbody>\n<tr>\n<td bgcolor=\"#CCCCCC\">\n<div align=\"center\"><strong>residencias de arte contempor\u00e1neo<\/strong><br \/>\nCURATORIA FORENSE<br \/>\n<strong>contemporary art residences<\/strong><\/div>\n<\/td>\n<\/tr>\n<tr>\n<td>\n<div align=\"center\">\n<table width=\"100%\" border=\"0\">\n<tbody>\n<tr>\n<td valign=\"middle\" width=\"50%\"><strong>Amor de Verano<\/strong> Valpara\u00edso, Chile.enero 2010 <em><a href=\"https:\/\/curatoriaforense.net\/_residencias\/amordeverano\/\" target=\"_blank\"> ver sitio web<\/a><\/em><\/td>\n<td valign=\"middle\">\n<div align=\"right\"><a href=\"https:\/\/curatoriaforense.net\/_residencias\/amordeverano\/\" target=\"_blank\"><img loading=\"lazy\" decoding=\"async\" alt=\"Amor de Verano. Valparaiso, Chile. enero 2010\" src=\"https:\/\/curatoriaforense.net\/_residencias\/images\/menu\/amordeverano_2010.jpg\" width=\"200\" height=\"70\" border=\"0\" \/><\/a><\/div>\n<\/td>\n<\/tr>\n<\/tbody>\n<\/table>\n<\/div>\n<\/td>\n<\/tr>\n<tr>\n<td bgcolor=\"#CCCCCC\"><\/td>\n<\/tr>\n<tr>\n<td>\n<table width=\"100%\" border=\"0\">\n<tbody>\n<tr>\n<td bgcolor=\"#EBEBEB\"><\/td>\n<\/tr>\n<tr>\n<td>\n<div align=\"center\">\n<table width=\"100%\" border=\"0\">\n<tbody>\n<tr>\n<td valign=\"middle\" width=\"50%\"><strong>Social Summer Camp<\/strong> Villa Alegre, Chile. febrero 2010 <em><a href=\"https:\/\/curatoriaforense.net\/_residencias\/socialsummercamp\/\" target=\"_blank\">ver sitio web<\/a><\/em><\/td>\n<td valign=\"top\" width=\"50%\">\n<div align=\"right\"><a href=\"https:\/\/curatoriaforense.net\/_residencias\/socialsummercamp\/\" target=\"_blank\"><img loading=\"lazy\" decoding=\"async\" alt=\"Social Summer Camp 2010. Villa Alegre, Chile\" src=\"https:\/\/curatoriaforense.net\/_residencias\/images\/menu\/socialsummercamp_2010.jpg\" width=\"200\" height=\"70\" border=\"0\" \/><\/a><\/div>\n<\/td>\n<\/tr>\n<\/tbody>\n<\/table>\n<\/div>\n<\/td>\n<\/tr>\n<\/tbody>\n<\/table>\n<\/td>\n<\/tr>\n<tr>\n<td bgcolor=\"#CCCCCC\"><\/td>\n<\/tr>\n<tr>\n<td>\n<table width=\"100%\" border=\"0\">\n<tbody>\n<tr>\n<td valign=\"middle\" width=\"50%\"><strong>en el d\u00eda de la virgen<\/strong> Rosario, Argentina. febrero 2011\u00a0<em><a href=\"https:\/\/curatoriaforense.net\/_residencias\/eneldiadelavirgen\/\" target=\"_blank\">ver sitio web<\/a><\/em><\/td>\n<td valign=\"top\" width=\"50%\">\n<div align=\"right\"><a href=\"https:\/\/curatoriaforense.net\/_residencias\/eneldiadelavirgen\/\" target=\"_blank\"><img loading=\"lazy\" decoding=\"async\" alt=\"En el d\u00eda de la Virgen. Rosario, Argentina\" src=\"https:\/\/curatoriaforense.net\/_residencias\/images\/menu\/eneldiadelavirgen_2011.jpg\" width=\"200\" height=\"70\" border=\"0\" \/><\/a><\/div>\n<\/td>\n<\/tr>\n<\/tbody>\n<\/table>\n<\/td>\n<\/tr>\n<tr>\n<td bgcolor=\"#CCCCCC\"><\/td>\n<\/tr>\n<tr>\n<td>\n<table width=\"100%\" border=\"0\">\n<tbody>\n<tr>\n<td valign=\"middle\" width=\"50%\"><strong>Social Summer Camp II<\/strong> Villa Alegre, Chile. febrero 2011<em><a href=\"https:\/\/curatoriaforense.net\/_residencias\/socialsummercamp2011\/\" target=\"_blank\"> ver sitio web<\/a><\/em><\/td>\n<td valign=\"top\" width=\"50%\">\n<div align=\"right\"><a href=\"https:\/\/curatoriaforense.net\/_residencias\/socialsummercamp2011\/\" target=\"_blank\"><img loading=\"lazy\" decoding=\"async\" alt=\"Social Summer Camp 2011. Villa Alegre, Chile\" src=\"https:\/\/curatoriaforense.net\/_residencias\/images\/menu\/socialsummercamp_2011.jpg\" width=\"200\" height=\"70\" border=\"0\" \/><\/a><\/div>\n<\/td>\n<\/tr>\n<\/tbody>\n<\/table>\n<\/td>\n<\/tr>\n<tr>\n<td bgcolor=\"#CCCCCC\"><\/td>\n<\/tr>\n<tr>\n<td>\n<table width=\"100%\" border=\"0\">\n<tbody>\n<tr>\n<td valign=\"middle\" width=\"50%\"><strong>INsideOUT<\/strong> Sao Paulo, Brasil julio 2011\u00a0<em><a href=\"https:\/\/curatoriaforense.net\/_residencias\/insideout\/\" target=\"_blank\">ver sitio web<\/a><\/em><\/td>\n<td valign=\"top\" width=\"50%\">\n<div align=\"right\"><a href=\"https:\/\/curatoriaforense.net\/_residencias\/insideout\/\" target=\"_blank\"><img loading=\"lazy\" decoding=\"async\" alt=\"INsideOUT\" src=\"https:\/\/curatoriaforense.net\/_residencias\/images\/menu\/insideout_2011.jpg\" width=\"200\" height=\"70\" \/><\/a><\/div>\n<\/td>\n<\/tr>\n<\/tbody>\n<\/table>\n<\/td>\n<\/tr>\n<tr>\n<td bgcolor=\"#CCCCCC\"><\/td>\n<\/tr>\n<tr>\n<td>\n<table width=\"100%\" border=\"0\">\n<tbody>\n<tr>\n<td valign=\"middle\" width=\"50%\"><strong>[INDIFERENCIA]<\/strong> Bogot\u00e1, Colombia Octubre 2011\u00a0<em><a href=\"https:\/\/curatoriaforense.net\/_residencias\/indiferencia\/\" target=\"_blank\">ver sitio web<\/a><\/em><\/td>\n<td valign=\"top\" width=\"50%\">\n<div align=\"right\"><a href=\"https:\/\/curatoriaforense.net\/_residencias\/indiferencia\/\" target=\"_blank\"><img loading=\"lazy\" decoding=\"async\" alt=\"Indiferencia\" src=\"https:\/\/curatoriaforense.net\/_residencias\/images\/menu\/INDIFERENCIA_2011.jpg\" width=\"200\" height=\"70\" \/><\/a><\/div>\n<\/td>\n<\/tr>\n<\/tbody>\n<\/table>\n<\/td>\n<\/tr>\n<tr>\n<td bgcolor=\"#CCCCCC\"><\/td>\n<\/tr>\n<tr>\n<td>\n<table width=\"100%\" border=\"0\">\n<tbody>\n<tr>\n<td valign=\"middle\" width=\"50%\"><strong>And So On, An So Forth<\/strong> Valpara\u00edso, Chile. Enero 2012 <em><a href=\"https:\/\/curatoriaforense.net\/_residencias\/and_so_on\/\" target=\"_blank\">ver sitio web<\/a><\/em><\/td>\n<td valign=\"top\" width=\"50%\">\n<div align=\"right\"><a href=\"https:\/\/curatoriaforense.net\/_residencias\/and_so_on\/\" target=\"_blank\"><img loading=\"lazy\" decoding=\"async\" alt=\"And So On, And So Forth\" src=\"https:\/\/curatoriaforense.net\/_residencias\/images\/menu\/AND-SO-ON_2012.jpg\" width=\"200\" height=\"70\" border=\"0\" \/><\/a><\/div>\n<\/td>\n<\/tr>\n<\/tbody>\n<\/table>\n<\/td>\n<\/tr>\n<tr>\n<td bgcolor=\"#CCCCCC\"><\/td>\n<\/tr>\n<tr>\n<td>\n<table width=\"100%\" border=\"0\">\n<tbody>\n<tr>\n<td valign=\"middle\" width=\"50%\"><strong>Social Summer Camp III<\/strong> Villa Alegre, Chile. febrero 2012 <em><a href=\"https:\/\/curatoriaforense.net\/_residencias\/socialsummercamp2012\/\" target=\"_blank\">ver sitio web<\/a><\/em><\/td>\n<td valign=\"top\" width=\"50%\">\n<div align=\"right\"><a href=\"https:\/\/curatoriaforense.net\/_residencias\/socialsummercamp2012\/\" target=\"_blank\"><img loading=\"lazy\" decoding=\"async\" alt=\"Social Summer Camp III\" src=\"https:\/\/curatoriaforense.net\/_residencias\/images\/menu\/socialsummercamp_2012.jpg\" width=\"200\" height=\"69\" border=\"0\" \/><\/a><\/div>\n<\/td>\n<\/tr>\n<\/tbody>\n<\/table>\n<\/td>\n<\/tr>\n<tr>\n<td bgcolor=\"#CCCCCC\"><\/td>\n<\/tr>\n<tr>\n<td>\n<table width=\"100%\" border=\"0\">\n<tbody>\n<tr>\n<td valign=\"middle\" width=\"50%\"><strong>De Uso P\u00fablico<\/strong> Quito, Ecuador Febrero 2012 <em><a href=\"https:\/\/curatoriaforense.net\/_residencias\/deusopublico\/\" target=\"_blank\">ver sitio web<\/a><\/em><\/td>\n<td valign=\"top\" width=\"50%\">\n<div align=\"right\"><a href=\"https:\/\/curatoriaforense.net\/_residencias\/deusopublico\/\" target=\"_blank\"><img loading=\"lazy\" decoding=\"async\" alt=\"De Uso P\u00fablico\" src=\"https:\/\/curatoriaforense.net\/_residencias\/images\/menu\/DE-USO-PUBLICO_2012.jpg\" width=\"200\" height=\"70\" border=\"0\" \/><\/a><\/div>\n<\/td>\n<\/tr>\n<\/tbody>\n<\/table>\n<\/td>\n<\/tr>\n<tr>\n<td bgcolor=\"#CCCCCC\"><\/td>\n<\/tr>\n<tr>\n<td>\n<table width=\"100%\" border=\"0\">\n<tbody>\n<tr>\n<td valign=\"top\" width=\"50%\"><strong>Foreplay<\/strong> Guayaquil, EcuadorEnero 2013 <em><a href=\"https:\/\/curatoriaforense.net\/_residencias\/foreplay\/\" target=\"_blank\">ver sitio web<\/a><\/em><\/td>\n<td align=\"right\" valign=\"top\" width=\"50%\"><a href=\"https:\/\/curatoriaforense.net\/_residencias\/foreplay\/\" target=\"_blank\"><img loading=\"lazy\" decoding=\"async\" alt=\"Social Summer Camp 2011. Villa Alegre, Chile\" src=\"https:\/\/curatoriaforense.net\/_residencias\/_images\/menu\/FOREPLAY_2013.JPG\" width=\"200\" height=\"70\" border=\"0\" \/><\/a><\/td>\n<\/tr>\n<\/tbody>\n<\/table>\n<\/td>\n<\/tr>\n<tr>\n<td bgcolor=\"#CCCCCC\"><\/td>\n<\/tr>\n<tr>\n<td><\/td>\n<\/tr>\n<tr>\n<td>\n<table width=\"100%\" border=\"0\">\n<tbody>\n<tr>\n<td valign=\"top\" width=\"50%\"><strong>Social Summer Camp IV<\/strong> Villa Alegre, Chile Febrero 2013 <em><a href=\"https:\/\/curatoriaforense.net\/_residencias\/socialsummercamp2013\" target=\"_blank\">ver sitio web<\/a><\/em><\/td>\n<td align=\"right\" valign=\"top\" width=\"50%\"><a href=\"https:\/\/curatoriaforense.net\/_residencias\/socialsummercamp2013\" target=\"_blank\"><img loading=\"lazy\" decoding=\"async\" alt=\"Social Summer Camp 2011. Villa Alegre, Chile\" src=\"https:\/\/curatoriaforense.net\/_residencias\/_images\/menu\/socialsummercamp_2013.JPG\" width=\"199\" height=\"70\" border=\"0\" \/><\/a><\/td>\n<\/tr>\n<\/tbody>\n<\/table>\n<\/td>\n<\/tr>\n<tr>\n<td><\/td>\n<\/tr>\n<tr>\n<td>\n<table width=\"100%\" border=\"0\">\n<tbody>\n<tr>\n<td valign=\"top\" width=\"50%\"><strong>El Deseo de Otro<\/strong> La Pedrera, Uruguay Mayo 2013 <em><a href=\"https:\/\/curatoriaforense.net\/_residencias\/eldeseodeotro\/\" target=\"_blank\">ver sitio web<\/a><\/em><\/td>\n<td align=\"right\" valign=\"top\" width=\"50%\"><a href=\"https:\/\/curatoriaforense.net\/_residencias\/eldeseodeotro\/\" target=\"_blank\"><img loading=\"lazy\" decoding=\"async\" alt=\"El Deseo de Otro. Mayo 2013. La Pedrera, Uruguay\" src=\"https:\/\/curatoriaforense.net\/_residencias\/_images\/menu\/EL_DESEO_DE_OTRO_2013.jpg\" width=\"200\" height=\"70\" \/><\/a><\/td>\n<\/tr>\n<\/tbody>\n<\/table>\n<\/td>\n<\/tr>\n<tr>\n<td><\/td>\n<\/tr>\n<tr>\n<td>\n<table width=\"100%\" border=\"0\">\n<tbody>\n<tr>\n<td valign=\"top\" width=\"50%\"><strong>Consensuar\/Disentir<\/strong> Morelia, M\u00e9xico Octubre 2013 <em><a href=\"https:\/\/curatoriaforense.net\/_residencias\/consensuardisentir\/\" target=\"_blank\">ver sitio web<\/a><\/em><\/td>\n<td align=\"right\" valign=\"top\" width=\"50%\"><a href=\"https:\/\/curatoriaforense.net\/_residencias\/consensuardisentir\/\" target=\"_blank\"><img loading=\"lazy\" decoding=\"async\" alt=\"Consensuar\/Disentir. Morelia, M\u00e9xico. Octubre 2013\" src=\"https:\/\/curatoriaforense.net\/_residencias\/_images\/menu\/consensuar-disentir_2013.jpg\" width=\"200\" height=\"70\" \/><\/a><\/td>\n<\/tr>\n<\/tbody>\n<\/table>\n<\/td>\n<\/tr>\n<tr>\n<td><\/td>\n<\/tr>\n<\/tbody>\n<\/table>\n","protected":false},"excerpt":{"rendered":"<p>Desde enero de 2010, el grupo de trabajo en arte contempor\u00e1neo Curator\u00eda Forense &#8211; Latinoam\u00e9rica ha coordinado -en conjunto con gestiones aut\u00f3nomas locales e instituciones de arte de siete pa\u00edses&hellip;<\/p>\n","protected":false},"author":3,"featured_media":17,"parent":0,"menu_order":0,"comment_status":"open","ping_status":"open","template":"","meta":{"ngg_post_thumbnail":0,"footnotes":""},"class_list":["post-12","page","type-page","status-publish","has-post-thumbnail","hentry"],"_links":{"self":[{"href":"https:\/\/curatoriaforense.net\/_residencias\/deusopublico\/index.php?rest_route=\/wp\/v2\/pages\/12","targetHints":{"allow":["GET"]}}],"collection":[{"href":"https:\/\/curatoriaforense.net\/_residencias\/deusopublico\/index.php?rest_route=\/wp\/v2\/pages"}],"about":[{"href":"https:\/\/curatoriaforense.net\/_residencias\/deusopublico\/index.php?rest_route=\/wp\/v2\/types\/page"}],"author":[{"embeddable":true,"href":"https:\/\/curatoriaforense.net\/_residencias\/deusopublico\/index.php?rest_route=\/wp\/v2\/users\/3"}],"replies":[{"embeddable":true,"href":"https:\/\/curatoriaforense.net\/_residencias\/deusopublico\/index.php?rest_route=%2Fwp%2Fv2%2Fcomments&post=12"}],"version-history":[{"count":5,"href":"https:\/\/curatoriaforense.net\/_residencias\/deusopublico\/index.php?rest_route=\/wp\/v2\/pages\/12\/revisions"}],"predecessor-version":[{"id":253,"href":"https:\/\/curatoriaforense.net\/_residencias\/deusopublico\/index.php?rest_route=\/wp\/v2\/pages\/12\/revisions\/253"}],"wp:featuredmedia":[{"embeddable":true,"href":"https:\/\/curatoriaforense.net\/_residencias\/deusopublico\/index.php?rest_route=\/wp\/v2\/media\/17"}],"wp:attachment":[{"href":"https:\/\/curatoriaforense.net\/_residencias\/deusopublico\/index.php?rest_route=%2Fwp%2Fv2%2Fmedia&parent=12"}],"curies":[{"name":"wp","href":"https:\/\/api.w.org\/{rel}","templated":true}]}}