{"id":2,"date":"2011-12-30T11:43:33","date_gmt":"2011-12-30T11:43:33","guid":{"rendered":"https:\/\/curatoriaforense.net\/_residencias\/deusopublico\/?page_id=2"},"modified":"2012-02-22T04:21:14","modified_gmt":"2012-02-22T04:21:14","slug":"sample-page","status":"publish","type":"page","link":"https:\/\/curatoriaforense.net\/_residencias\/deusopublico\/?page_id=2","title":{"rendered":"Equipo de Trabajo \/ Workteam"},"content":{"rendered":"<p>El equipo de trabajo est\u00e1 coordinado por Jorge Sep\u00falveda T. (curador independiente), Ilze Petroni (investigadora de arte), Rodrigo Ortega (artista visual),\u00a0 Eduardo Carrera Rivadeneira (artista e investigador de arte) y Francisco Suarez (artista visual).<\/p>\n<p>Participan: <a href=\"https:\/\/curatoriaforense.net\/_residencias\/deusopublico\/?tag=florencia-aguero\">Florencia Ag\u00fcero<\/a> (C\u00f3rdoba \/ Argentina), <a href=\"https:\/\/curatoriaforense.net\/_residencias\/deusopublico\/?tag=elisa-ofarrell\">Elisa O&#8217;Farrell <\/a>(Buenos Aires \/ Argentina), Paulo Alvarez Florez (Bogot\u00e1 \/ Colombia), Itan Orta Rosales (Ciudad de M\u00e9xico \/ M\u00e9xico), Marco Antonio Rodr\u00edguez Guti\u00e9rrez (Ciudad de M\u00e9xico \/ M\u00e9xico), <a href=\"https:\/\/curatoriaforense.net\/_residencias\/deusopublico\/?tag=cesar-cortes\">C\u00e9sar Cort\u00e9s Vega<\/a> (Ciudad de M\u00e9xico \/ M\u00e9xico), <a href=\"https:\/\/curatoriaforense.net\/_residencias\/deusopublico\/?tag=silvina-tuninetti\">Silvina Tuninetti<\/a> (Monte Maiz \/ Argentina), <a href=\"https:\/\/curatoriaforense.net\/_residencias\/deusopublico\/?tag=anthony-arrobo-velez\">Anthony Arrobo V\u00e9lez<\/a> (Guayaquil \/ Ecuador).<\/p>\n<p>Esta residencia es organizada por\u00a0<a href=\"https:\/\/curatoriaforense.net\/\" target=\"_blank\">Curator\u00eda Forense<\/a>\u00a0y <a href=\"http:\/\/nolugar.org\/\" target=\"_blank\">No Lugar<\/a>.<\/p>\n<p>Ver el equipo completo de trabajo de\u00a0<a href=\"https:\/\/curatoriaforense.net\/niued\/?page_id=2\" target=\"_blank\">Curator\u00eda Forense<\/a>.<\/p>\n","protected":false},"excerpt":{"rendered":"<p>El equipo de trabajo est\u00e1 coordinado por Jorge Sep\u00falveda T. (curador independiente), Ilze Petroni (investigadora de arte), Rodrigo Ortega (artista visual),\u00a0 Eduardo Carrera Rivadeneira (artista e investigador de arte) y&hellip;<\/p>\n","protected":false},"author":3,"featured_media":0,"parent":0,"menu_order":0,"comment_status":"open","ping_status":"closed","template":"","meta":{"ngg_post_thumbnail":0,"footnotes":""},"class_list":["post-2","page","type-page","status-publish","hentry"],"_links":{"self":[{"href":"https:\/\/curatoriaforense.net\/_residencias\/deusopublico\/index.php?rest_route=\/wp\/v2\/pages\/2","targetHints":{"allow":["GET"]}}],"collection":[{"href":"https:\/\/curatoriaforense.net\/_residencias\/deusopublico\/index.php?rest_route=\/wp\/v2\/pages"}],"about":[{"href":"https:\/\/curatoriaforense.net\/_residencias\/deusopublico\/index.php?rest_route=\/wp\/v2\/types\/page"}],"author":[{"embeddable":true,"href":"https:\/\/curatoriaforense.net\/_residencias\/deusopublico\/index.php?rest_route=\/wp\/v2\/users\/3"}],"replies":[{"embeddable":true,"href":"https:\/\/curatoriaforense.net\/_residencias\/deusopublico\/index.php?rest_route=%2Fwp%2Fv2%2Fcomments&post=2"}],"version-history":[{"count":9,"href":"https:\/\/curatoriaforense.net\/_residencias\/deusopublico\/index.php?rest_route=\/wp\/v2\/pages\/2\/revisions"}],"predecessor-version":[{"id":6,"href":"https:\/\/curatoriaforense.net\/_residencias\/deusopublico\/index.php?rest_route=\/wp\/v2\/pages\/2\/revisions\/6"}],"wp:attachment":[{"href":"https:\/\/curatoriaforense.net\/_residencias\/deusopublico\/index.php?rest_route=%2Fwp%2Fv2%2Fmedia&parent=2"}],"curies":[{"name":"wp","href":"https:\/\/api.w.org\/{rel}","templated":true}]}}