{"id":38,"date":"2012-02-20T04:41:15","date_gmt":"2012-02-20T04:41:15","guid":{"rendered":"https:\/\/curatoriaforense.net\/_residencias\/deusopublico\/?page_id=38"},"modified":"2012-03-10T01:25:00","modified_gmt":"2012-03-10T01:25:00","slug":"galeria-de-imagenes","status":"publish","type":"page","link":"https:\/\/curatoriaforense.net\/_residencias\/deusopublico\/?page_id=38","title":{"rendered":"Galer\u00eda de Im\u00e1genes"},"content":{"rendered":"<p>IMAGENES DE LOS REPORTES DE LOS RESIDENTES.<\/p>\n<p><a href=\"..\/?tag=florencia-aguero\">&gt; Florencia Ag\u00fcero<br \/>\nngg_shortcode_0_placeholder<br \/>\n<\/a><\/p>\n<p>&gt; Elisa O\u2019Farrell<br \/>\nngg_shortcode_1_placeholder<\/p>\n<p>&gt; Paulo Alvarez Florez<\/p>\n<p>&gt; Itandehuitl Orta Rosales y Marco Antonio Rodr\u00edguez Guti\u00e9rrez<br \/>\nngg_shortcode_2_placeholder<\/p>\n<p>&gt; C\u00e9sar Cort\u00e9s<br \/>\nngg_shortcode_3_placeholder<\/p>\n<p>&gt; Silvina Tuninetti<br \/>\nngg_shortcode_4_placeholder<\/p>\n<p>&gt; Anthony Arrobo V\u00e9lez<br \/>\nngg_shortcode_5_placeholder<\/p>\n<p>&nbsp;<\/p>\n","protected":false},"excerpt":{"rendered":"<p>IMAGENES DE LOS REPORTES DE LOS RESIDENTES. &gt; Florencia Ag\u00fcero &gt; Elisa O\u2019Farrell &gt; Paulo Alvarez Florez &gt; Itandehuitl Orta Rosales y Marco Antonio Rodr\u00edguez Guti\u00e9rrez &gt; C\u00e9sar Cort\u00e9s &gt;&hellip;<\/p>\n","protected":false},"author":3,"featured_media":0,"parent":0,"menu_order":0,"comment_status":"open","ping_status":"open","template":"","meta":{"ngg_post_thumbnail":0,"footnotes":""},"class_list":["post-38","page","type-page","status-publish","hentry"],"_links":{"self":[{"href":"https:\/\/curatoriaforense.net\/_residencias\/deusopublico\/index.php?rest_route=\/wp\/v2\/pages\/38","targetHints":{"allow":["GET"]}}],"collection":[{"href":"https:\/\/curatoriaforense.net\/_residencias\/deusopublico\/index.php?rest_route=\/wp\/v2\/pages"}],"about":[{"href":"https:\/\/curatoriaforense.net\/_residencias\/deusopublico\/index.php?rest_route=\/wp\/v2\/types\/page"}],"author":[{"embeddable":true,"href":"https:\/\/curatoriaforense.net\/_residencias\/deusopublico\/index.php?rest_route=\/wp\/v2\/users\/3"}],"replies":[{"embeddable":true,"href":"https:\/\/curatoriaforense.net\/_residencias\/deusopublico\/index.php?rest_route=%2Fwp%2Fv2%2Fcomments&post=38"}],"version-history":[{"count":8,"href":"https:\/\/curatoriaforense.net\/_residencias\/deusopublico\/index.php?rest_route=\/wp\/v2\/pages\/38\/revisions"}],"predecessor-version":[{"id":58,"href":"https:\/\/curatoriaforense.net\/_residencias\/deusopublico\/index.php?rest_route=\/wp\/v2\/pages\/38\/revisions\/58"}],"wp:attachment":[{"href":"https:\/\/curatoriaforense.net\/_residencias\/deusopublico\/index.php?rest_route=%2Fwp%2Fv2%2Fmedia&parent=38"}],"curies":[{"name":"wp","href":"https:\/\/api.w.org\/{rel}","templated":true}]}}