{"id":9,"date":"2011-12-31T16:11:59","date_gmt":"2011-12-31T16:11:59","guid":{"rendered":"https:\/\/curatoriaforense.net\/_residencias\/deusopublico\/?page_id=9"},"modified":"2011-12-31T16:11:59","modified_gmt":"2011-12-31T16:11:59","slug":"videos","status":"publish","type":"page","link":"https:\/\/curatoriaforense.net\/_residencias\/deusopublico\/?page_id=9","title":{"rendered":"Videos!"},"content":{"rendered":"<p>p\u00e1gina en preparaci\u00f3n.<\/p>\n<p>visita la secci\u00f3n de\u00a0<a href=\"https:\/\/curatoriaforense.net\/niued\/?page_id=1360\" target=\"_blank\">Videos en Curator\u00eda Forense<\/a><\/p>\n","protected":false},"excerpt":{"rendered":"<p>p\u00e1gina en preparaci\u00f3n. visita la secci\u00f3n de\u00a0Videos en Curator\u00eda Forense<\/p>\n","protected":false},"author":3,"featured_media":0,"parent":0,"menu_order":0,"comment_status":"open","ping_status":"open","template":"","meta":{"ngg_post_thumbnail":0,"footnotes":""},"class_list":["post-9","page","type-page","status-publish","hentry"],"_links":{"self":[{"href":"https:\/\/curatoriaforense.net\/_residencias\/deusopublico\/index.php?rest_route=\/wp\/v2\/pages\/9","targetHints":{"allow":["GET"]}}],"collection":[{"href":"https:\/\/curatoriaforense.net\/_residencias\/deusopublico\/index.php?rest_route=\/wp\/v2\/pages"}],"about":[{"href":"https:\/\/curatoriaforense.net\/_residencias\/deusopublico\/index.php?rest_route=\/wp\/v2\/types\/page"}],"author":[{"embeddable":true,"href":"https:\/\/curatoriaforense.net\/_residencias\/deusopublico\/index.php?rest_route=\/wp\/v2\/users\/3"}],"replies":[{"embeddable":true,"href":"https:\/\/curatoriaforense.net\/_residencias\/deusopublico\/index.php?rest_route=%2Fwp%2Fv2%2Fcomments&post=9"}],"version-history":[{"count":2,"href":"https:\/\/curatoriaforense.net\/_residencias\/deusopublico\/index.php?rest_route=\/wp\/v2\/pages\/9\/revisions"}],"predecessor-version":[{"id":11,"href":"https:\/\/curatoriaforense.net\/_residencias\/deusopublico\/index.php?rest_route=\/wp\/v2\/pages\/9\/revisions\/11"}],"wp:attachment":[{"href":"https:\/\/curatoriaforense.net\/_residencias\/deusopublico\/index.php?rest_route=%2Fwp%2Fv2%2Fmedia&parent=9"}],"curies":[{"name":"wp","href":"https:\/\/api.w.org\/{rel}","templated":true}]}}