{"id":148,"date":"2013-05-20T13:49:37","date_gmt":"2013-05-20T13:49:37","guid":{"rendered":"https:\/\/curatoriaforense.net\/_residencias\/eldeseodeotro\/?page_id=148"},"modified":"2013-05-20T13:49:37","modified_gmt":"2013-05-20T13:49:37","slug":"galeria-de-imagenes","status":"publish","type":"page","link":"https:\/\/curatoriaforense.net\/_residencias\/eldeseodeotro\/?page_id=148","title":{"rendered":"Galer\u00eda de Im\u00e1genes"},"content":{"rendered":"<ul>\n<li>\u00a0Ana Laura Rodr\u00edguez Llano (Montevideo, Uruguay)<br \/>\nngg_shortcode_0_placeholder<\/li>\n<li>Andr\u00e9s Su\u00e1rez (Bogot\u00e1, Colombia)<br \/>\nngg_shortcode_1_placeholder<\/li>\n<li>Antonella Aparicio (San Miguel de Tucum\u00e1n, Argentina)<br \/>\nngg_shortcode_2_placeholder<\/li>\n<li>Camilla Brendon (Londres, Reino Unido)<br \/>\nngg_shortcode_3_placeholder<\/li>\n<li>Carolina Senmartin (C\u00f3rdoba, Argentina)<\/li>\n<li>Daniel Vargas (Lima, Per\u00fa)<br \/>\nngg_shortcode_4_placeholder<\/li>\n<li>Denis Rodriguez (Porto Alegre, Brasil)<br \/>\nngg_shortcode_5_placeholder<\/li>\n<li>Elizabeth Navarrete (Caracas, Venezuela)<br \/>\nngg_shortcode_6_placeholder<\/li>\n<li>Erandi Fajardo Robledo (Ciudad de M\u00e9xico, M\u00e9xico)<\/li>\n<li>Esther Mendoza (Asunci\u00f3n, Paraguay)<br \/>\nngg_shortcode_7_placeholder<\/li>\n<li>Jimena In\u00e9s Garrido (Mendiolaza, Argentina)<\/li>\n<li>Juvenal Barr\u00eda (Valpara\u00edso, Chile)<br \/>\nngg_shortcode_8_placeholder<\/li>\n<li>Marcio Pizarro Noronha (Goiania, Brasil)<\/li>\n<li>Margarita V\u00e1squez C\u00e1rdenas (Bogot\u00e1, Colombia)<br \/>\nngg_shortcode_9_placeholder<\/li>\n<li>Mar\u00eda Jos\u00e9 Mu\u00f1oz (Valpara\u00edso, Chile)<br \/>\nngg_shortcode_10_placeholder<\/li>\n<li>Maria Montero (Sao Paulo, Brasil)<br \/>\nngg_shortcode_11_placeholder<\/li>\n<li>Mar\u00eda Ver\u00f3nica Pons (Cuenca, Ecuador)<br \/>\nngg_shortcode_12_placeholder<\/li>\n<li>Mariela Cant\u00fa (La Plata, Argentina)<br \/>\nngg_shortcode_13_placeholder<\/li>\n<li>Moira Secco (Montevideo, Uruguay)<\/li>\n<li>Nicol\u00e1s Bertona (C\u00f3rdoba, Argentina)<br \/>\nngg_shortcode_14_placeholder<\/li>\n<li>Polliana Dalla Barba (Vitoria, Brasil)<\/li>\n<li>Rodrigo G\u00f3mez Mura (Valdivia, Chile)<\/li>\n<li>Sebasti\u00e1n Emilio Riffo Valdebenito (Santiago, Chile)<br \/>\nngg_shortcode_15_placeholder<\/li>\n<li>Sebasti\u00e1n Valenzuela Valdivia (Santiago, Chile)<br \/>\nngg_shortcode_16_placeholder<\/li>\n<li>Yuri Liscano (Caracas, Venezuela)<br \/>\nngg_shortcode_17_placeholder<\/li>\n<\/ul>\n","protected":false},"excerpt":{"rendered":"<p>\u00a0Ana Laura Rodr\u00edguez Llano (Montevideo, Uruguay) Andr\u00e9s Su\u00e1rez (Bogot\u00e1, Colombia) Antonella Aparicio (San Miguel de Tucum\u00e1n, Argentina) Camilla Brendon (Londres, Reino Unido) Carolina Senmartin (C\u00f3rdoba, Argentina) Daniel Vargas (Lima, Per\u00fa)&hellip;<\/p>\n","protected":false},"author":1,"featured_media":0,"parent":0,"menu_order":0,"comment_status":"open","ping_status":"open","template":"","meta":{"ngg_post_thumbnail":0,"footnotes":""},"class_list":["post-148","page","type-page","status-publish","hentry"],"_links":{"self":[{"href":"https:\/\/curatoriaforense.net\/_residencias\/eldeseodeotro\/index.php?rest_route=\/wp\/v2\/pages\/148","targetHints":{"allow":["GET"]}}],"collection":[{"href":"https:\/\/curatoriaforense.net\/_residencias\/eldeseodeotro\/index.php?rest_route=\/wp\/v2\/pages"}],"about":[{"href":"https:\/\/curatoriaforense.net\/_residencias\/eldeseodeotro\/index.php?rest_route=\/wp\/v2\/types\/page"}],"author":[{"embeddable":true,"href":"https:\/\/curatoriaforense.net\/_residencias\/eldeseodeotro\/index.php?rest_route=\/wp\/v2\/users\/1"}],"replies":[{"embeddable":true,"href":"https:\/\/curatoriaforense.net\/_residencias\/eldeseodeotro\/index.php?rest_route=%2Fwp%2Fv2%2Fcomments&post=148"}],"version-history":[{"count":3,"href":"https:\/\/curatoriaforense.net\/_residencias\/eldeseodeotro\/index.php?rest_route=\/wp\/v2\/pages\/148\/revisions"}],"predecessor-version":[{"id":151,"href":"https:\/\/curatoriaforense.net\/_residencias\/eldeseodeotro\/index.php?rest_route=\/wp\/v2\/pages\/148\/revisions\/151"}],"wp:attachment":[{"href":"https:\/\/curatoriaforense.net\/_residencias\/eldeseodeotro\/index.php?rest_route=%2Fwp%2Fv2%2Fmedia&parent=148"}],"curies":[{"name":"wp","href":"https:\/\/api.w.org\/{rel}","templated":true}]}}