{"id":6,"date":"2013-05-10T15:09:31","date_gmt":"2013-05-10T15:09:31","guid":{"rendered":"https:\/\/curatoriaforense.net\/_residencias\/eldeseodeotro\/?page_id=6"},"modified":"2014-10-21T23:43:37","modified_gmt":"2014-10-21T23:43:37","slug":"equipo-de-trabajo","status":"publish","type":"page","link":"https:\/\/curatoriaforense.net\/_residencias\/eldeseodeotro\/?page_id=6","title":{"rendered":"Equipo de Trabajo"},"content":{"rendered":"<p>El equipo de trabajo de la residencia de arte contempor\u00e1neo [EL DESEO DE OTRO] est\u00e1 coordinado por Jorge Sep\u00falveda T. (curador independiente), Ilze Petroni (investigadora de arte contempor\u00e1neo) y Sof\u00eda Dabarca.<\/p>\n<p>Esta residencia es organizada por\u00a0<a href=\"https:\/\/curatoriaforense.net\/\" target=\"_blank\">Curator\u00eda Forense<\/a>\u00a0y Sof\u00eda Dabarca.<\/p>\n<p align=\"JUSTIFY\">Participan como residentes: <a href=\"https:\/\/curatoriaforense.net\/_residencias\/eldeseodeotro\/?tag=ana-ro\" target=\"_blank\">Ana Laura Rodr\u00edguez Llano<\/a> (Montevideo, Uruguay), <a href=\"https:\/\/curatoriaforense.net\/_residencias\/eldeseodeotro\/?tag=andres-suarez-rivera\" target=\"_blank\">Andr\u00e9s Su\u00e1rez<\/a> (Bogot\u00e1, Colombia), <a href=\"https:\/\/curatoriaforense.net\/_residencias\/eldeseodeotro\/?tag=antonella-aparicio\" target=\"_blank\">Antonella Aparicio<\/a> (San Miguel de Tucum\u00e1n, Argentina),\u00a0<a href=\"https:\/\/curatoriaforense.net\/_residencias\/eldeseodeotro\/?tag=camilla-brendon\" target=\"_blank\">Camilla Brendon<\/a> (Londres, Reino Unido), Carolina Senmartin (C\u00f3rdoba, Argentina), <a href=\"https:\/\/curatoriaforense.net\/_residencias\/eldeseodeotro\/?tag=daniel-vargas\" target=\"_blank\">Daniel Vargas<\/a> (Lima, Per\u00fa), <a href=\"https:\/\/curatoriaforense.net\/_residencias\/eldeseodeotro\/?tag=denis-rodriguez\" target=\"_blank\">Denis Rodriguez<\/a> (Porto Alegre, Brasil), Elizabeth Navarrete (Caracas, Venezuela), Erandi Fajardo Robledo (Ciudad de M\u00e9xico, M\u00e9xico), <a href=\"https:\/\/curatoriaforense.net\/_residencias\/eldeseodeotro\/?tag=esther-mendoza\" target=\"_blank\">Esther Mendoza<\/a> (Asunci\u00f3n, Paraguay), Jimena In\u00e9s Garrido (Mendiolaza, Argentina), <a href=\"https:\/\/curatoriaforense.net\/_residencias\/eldeseodeotro\/?tag=juvenal-barria\" target=\"_blank\">Juvenal Barr\u00eda<\/a> (Valpara\u00edso, Chile), Marcio Pizarro Noronha (Goiania, Brasil), <a href=\"https:\/\/curatoriaforense.net\/_residencias\/eldeseodeotro\/?tag=margarita-vasquez-cardenas\" target=\"_blank\">Margarita V\u00e1squez C\u00e1rdenas<\/a> (Bogot\u00e1, Colombia), <a href=\"https:\/\/curatoriaforense.net\/_residencias\/eldeseodeotro\/?tag=jo-munoz\" target=\"_blank\">Jo Mu\u00f1oz<\/a> (Valpara\u00edso, Chile), Maria Montero (Sao Paulo, Brasil), Maria Ver\u00f3nica Pons (Cuenca, Ecuador), <a href=\"https:\/\/curatoriaforense.net\/_residencias\/eldeseodeotro\/?tag=mariela-cantu\" target=\"_blank\">Mariela Cant\u00fa<\/a> (La Plata, Argentina), Moira Secco (Montevideo, Uruguay), <a href=\"https:\/\/curatoriaforense.net\/_residencias\/eldeseodeotro\/?tag=nicolas-bertona\" target=\"_blank\">Nicol\u00e1s Bertona<\/a> (C\u00f3rdoba, Argentina), Polliana Dalla Barba (Vitoria, Brasil), Rodrigo G\u00f3mez Mura (Valdivia, Chile), <a href=\"https:\/\/curatoriaforense.net\/_residencias\/eldeseodeotro\/?tag=sebastian-riffo\" target=\"_blank\">Sebasti\u00e1n Emilio Riffo Valdebenito<\/a> (Santiago, Chile), <a href=\"https:\/\/curatoriaforense.net\/_residencias\/eldeseodeotro\/?tag=sebastian-valenzuela\" target=\"_blank\">Sebasti\u00e1n Valenzuela Valdivia<\/a> (Santiago, Chile) y <a href=\"https:\/\/curatoriaforense.net\/_residencias\/eldeseodeotro\/?tag=yuri-liscano\" target=\"_blank\">Yuri Liscano<\/a> (Caracas, Venezuela).<\/p>\n<p align=\"JUSTIFY\">Colaboran: Hostal El Trueno, Club Social La Pedrera y OGD &#8211; Organizaci\u00f3n de Gesti\u00f3n Destino Rocha.<\/p>\n<p>&nbsp;<\/p>\n","protected":false},"excerpt":{"rendered":"<p>El equipo de trabajo de la residencia de arte contempor\u00e1neo [EL DESEO DE OTRO] est\u00e1 coordinado por Jorge Sep\u00falveda T. (curador independiente), Ilze Petroni (investigadora de arte contempor\u00e1neo) y Sof\u00eda&hellip;<\/p>\n","protected":false},"author":1,"featured_media":0,"parent":0,"menu_order":0,"comment_status":"open","ping_status":"open","template":"","meta":{"ngg_post_thumbnail":0,"footnotes":""},"class_list":["post-6","page","type-page","status-publish","hentry"],"_links":{"self":[{"href":"https:\/\/curatoriaforense.net\/_residencias\/eldeseodeotro\/index.php?rest_route=\/wp\/v2\/pages\/6","targetHints":{"allow":["GET"]}}],"collection":[{"href":"https:\/\/curatoriaforense.net\/_residencias\/eldeseodeotro\/index.php?rest_route=\/wp\/v2\/pages"}],"about":[{"href":"https:\/\/curatoriaforense.net\/_residencias\/eldeseodeotro\/index.php?rest_route=\/wp\/v2\/types\/page"}],"author":[{"embeddable":true,"href":"https:\/\/curatoriaforense.net\/_residencias\/eldeseodeotro\/index.php?rest_route=\/wp\/v2\/users\/1"}],"replies":[{"embeddable":true,"href":"https:\/\/curatoriaforense.net\/_residencias\/eldeseodeotro\/index.php?rest_route=%2Fwp%2Fv2%2Fcomments&post=6"}],"version-history":[{"count":6,"href":"https:\/\/curatoriaforense.net\/_residencias\/eldeseodeotro\/index.php?rest_route=\/wp\/v2\/pages\/6\/revisions"}],"predecessor-version":[{"id":259,"href":"https:\/\/curatoriaforense.net\/_residencias\/eldeseodeotro\/index.php?rest_route=\/wp\/v2\/pages\/6\/revisions\/259"}],"wp:attachment":[{"href":"https:\/\/curatoriaforense.net\/_residencias\/eldeseodeotro\/index.php?rest_route=%2Fwp%2Fv2%2Fmedia&parent=6"}],"curies":[{"name":"wp","href":"https:\/\/api.w.org\/{rel}","templated":true}]}}