{"id":30,"date":"2013-01-16T14:10:57","date_gmt":"2013-01-16T14:10:57","guid":{"rendered":"https:\/\/curatoriaforense.net\/_residencias\/foreplay\/?page_id=30"},"modified":"2013-01-26T13:11:45","modified_gmt":"2013-01-26T13:11:45","slug":"prensa","status":"publish","type":"page","link":"https:\/\/curatoriaforense.net\/_residencias\/foreplay\/?page_id=30","title":{"rendered":"Prensa"},"content":{"rendered":"<p style=\"text-align: justify;\">Informaci\u00f3n publicada en medios de comunicaci\u00f3n sobre la Residencia de Arte Contempor\u00e1neo [FOREPLAY].<\/p>\n<p style=\"text-align: justify;\">&#8211;\u00a0<strong>Expertos internacionales analizan arte contempor\u00e1neo en Guayaquil<\/strong>. Diario El Universo. 26 de enero 2013. \u00a0\u00a0<a href=\"http:\/\/www.eluniverso.com\/2013\/01\/26\/1\/1380\/expertos-internacionales-analizan-arte-contemporaneo-guayaquil.html\" target=\"_blank\">http:\/\/www.eluniverso.com\/2013\/01\/26\/1\/1380\/expertos-internacionales-analizan-arte-contemporaneo-guayaquil.html<\/a><\/p>\n<p style=\"text-align: justify;\">&#8211; <strong>Termina la residencia de arte Foreplay<\/strong>. Diario El Universo. 24 de enero 2013. <a href=\"http:\/\/unvrso.ec\/0004MQV\">http:\/\/unvrso.ec\/0004MQV<\/a><\/p>\n<p style=\"text-align: justify;\">&#8211;\u00a0<strong>17 artistas repiensan el arte contempor\u00e1neo<\/strong>. Diario El Comercio. 19 de enero 2013.\u00a0<a href=\"http:\/\/www.elcomercio.com\/cultura\/guayaquil-arte_contemporaneo-arte-foreplay_0_850115027.html\" target=\"_blank\">http:\/\/www.elcomercio.com\/cultura\/guayaquil-arte_contemporaneo-arte-foreplay_0_850115027.html<\/a><\/p>\n<p style=\"text-align: justify;\">&#8211;<strong>\u00a0&#8216;Foreplay&#8217; esculcar\u00e1 el arte local y lo llevar\u00e1 a los ojos de la regi\u00f3n<\/strong>. Diario El Tel\u00e9grafo (Ecuador). 18 de enero 2013. \u00a0<a href=\"http:\/\/190.95.205.35\/cultura\/item\/foreplay-esculcara-el-arte-local-y-lo-llevara-a-los-ojos-de-la-region.html\" target=\"_blank\">http:\/\/190.95.205.35\/cultura\/item\/foreplay-esculcara-el-arte-local-y-lo-llevara-a-los-ojos-de-la-region.html<\/a><\/p>\n<p style=\"text-align: justify;\">&#8211;\u00a0<strong>Foreplay, un espacio de di\u00e1logo art\u00edstico<\/strong>. Diario El Universo (Ecuador). 18 de enero 2013. \u00a0<a href=\"http:\/\/www.eluniverso.com\/2013\/01\/18\/1\/1380\/foreplay-un-espacio-dialogo-artistico.html\" target=\"_blank\">http:\/\/www.eluniverso.com\/2013\/01\/18\/1\/1380\/foreplay-un-espacio-dialogo-artistico.html<\/a><\/p>\n<p style=\"text-align: justify;\">&#8211;\u00a0<strong>Nuevo inquilino en la ciudad: Arte Contempor\u00e1neo<\/strong>. Expresiones. Por Andersson Bosc\u00e1n Pico.\u00a017 de enero 2013.\u00a0<a href=\"http:\/\/www.expresiones.ec\/ediciones\/2013\/01\/18\/cultura\/arte-contemporaneo\/\">http:\/\/www.expresiones.ec\/ediciones\/2013\/01\/18\/cultura\/arte-contemporaneo\/<\/a><\/p>\n<p style=\"text-align: justify;\">&#8211;\u00a0<strong>Residencia Internacional de Arte Contempor\u00e1neo en NoM\u00edNIMO<\/strong>. Diario La Rep\u00fablica. 16 de enero 2013. \u00a0<a href=\"http:\/\/www.larepublica.ec\/blog\/cultura\/2013\/01\/16\/foreplay-residencia-internacional-de-arte-contemporaneo-en-nominimo\/\" target=\"_blank\">http:\/\/www.larepublica.ec\/blog\/cultura\/2013\/01\/16\/foreplay-residencia-internacional-de-arte-contemporaneo-en-nominimo\/<\/a><\/p>\n<p style=\"text-align: justify;\">&#8211;\u00a0<strong>\u201cForeplay\u201d abre una discusi\u00f3n sobre arte<\/strong>. Diario El Tel\u00e9grafo (Ecuador). 16 de enero 2013. \u00a0<a href=\"http:\/\/190.95.205.35\/cultura\/item\/foreplay-abre-una-discusion-sobre-arte.html\" target=\"_blank\">http:\/\/190.95.205.35\/cultura\/item\/foreplay-abre-una-discusion-sobre-arte.html<\/a><\/p>\n<p style=\"text-align: justify;\">&#8211;\u00a0<strong>La residencia \u201cForeplay\u201d se llevar\u00e1 a cabo en el espacio cultural NoM\u00ednimo<\/strong>. Diario El Telegrafo (Ecuador). 15 de enero 2013. \u00a0<a href=\"http:\/\/www.telegrafo.com.ec\/cultura\/item\/la-residencia-foreplay-se-llevara-a-cabo-en-el-espacio-cultural-nominimo.html\" target=\"_blank\">http:\/\/www.telegrafo.com.ec\/cultura\/item\/la-residencia-foreplay-se-llevara-a-cabo-en-el-espacio-cultural-nominimo.html<\/a><\/p>\n<p style=\"text-align: justify;\">&#8211;\u00a0<strong>Se alista una residencia de arte en Guayaquil<\/strong>. Diario El Universo (Ecuador). 15 de enero 2013. <a href=\"http:\/\/www.eluniverso.com\/2013\/01\/15\/1\/1380\/alista-residencia-arte-guayaquil.html\" target=\"_blank\">http:\/\/www.eluniverso.com\/2013\/01\/15\/1\/1380\/alista-residencia-arte-guayaquil.html<\/a><\/p>\n<p style=\"text-align: justify;\">&#8211;\u00a0<strong>FOREPLAY \u2013 Residencia Internacional de Arte Contempor\u00e1neo en formato summer camp<\/strong>. ArtforNews. 11 de Enero 2013. <a href=\"http:\/\/www.artfornews.com\/foreplay-residencia-internacional-de-arte-contemporaneo-en-formato-summer-camp\" target=\"_blank\">http:\/\/www.artfornews.com\/foreplay-residencia-internacional-de-arte-contemporaneo-en-formato-summer-camp<\/a><\/p>\n<p style=\"text-align: justify;\">&#8211;<strong>\u00a0Residencia de Arte Contempor\u00e1neo en Guayaquil<\/strong>. Hipermedula. 8 de enero 2013.\u00a0<a href=\"http:\/\/hipermedula.org\/2013\/01\/residencia-de-arte-contemporaneo-en-guayaquil\/\" target=\"_blank\">http:\/\/hipermedula.org\/2013\/01\/residencia-de-arte-contemporaneo-en-guayaquil\/<\/a><\/p>\n","protected":false},"excerpt":{"rendered":"<p>Informaci\u00f3n publicada en medios de comunicaci\u00f3n sobre la Residencia de Arte Contempor\u00e1neo [FOREPLAY]. &#8211;\u00a0Expertos internacionales analizan arte contempor\u00e1neo en Guayaquil. Diario El Universo. 26 de enero 2013. \u00a0\u00a0http:\/\/www.eluniverso.com\/2013\/01\/26\/1\/1380\/expertos-internacionales-analizan-arte-contemporaneo-guayaquil.html &#8211; Termina&hellip;<\/p>\n","protected":false},"author":1,"featured_media":0,"parent":0,"menu_order":0,"comment_status":"open","ping_status":"open","template":"","meta":{"ngg_post_thumbnail":0,"footnotes":""},"class_list":["post-30","page","type-page","status-publish","hentry"],"_links":{"self":[{"href":"https:\/\/curatoriaforense.net\/_residencias\/foreplay\/index.php?rest_route=\/wp\/v2\/pages\/30","targetHints":{"allow":["GET"]}}],"collection":[{"href":"https:\/\/curatoriaforense.net\/_residencias\/foreplay\/index.php?rest_route=\/wp\/v2\/pages"}],"about":[{"href":"https:\/\/curatoriaforense.net\/_residencias\/foreplay\/index.php?rest_route=\/wp\/v2\/types\/page"}],"author":[{"embeddable":true,"href":"https:\/\/curatoriaforense.net\/_residencias\/foreplay\/index.php?rest_route=\/wp\/v2\/users\/1"}],"replies":[{"embeddable":true,"href":"https:\/\/curatoriaforense.net\/_residencias\/foreplay\/index.php?rest_route=%2Fwp%2Fv2%2Fcomments&post=30"}],"version-history":[{"count":10,"href":"https:\/\/curatoriaforense.net\/_residencias\/foreplay\/index.php?rest_route=\/wp\/v2\/pages\/30\/revisions"}],"predecessor-version":[{"id":33,"href":"https:\/\/curatoriaforense.net\/_residencias\/foreplay\/index.php?rest_route=\/wp\/v2\/pages\/30\/revisions\/33"}],"wp:attachment":[{"href":"https:\/\/curatoriaforense.net\/_residencias\/foreplay\/index.php?rest_route=%2Fwp%2Fv2%2Fmedia&parent=30"}],"curies":[{"name":"wp","href":"https:\/\/api.w.org\/{rel}","templated":true}]}}