{"id":4,"date":"2011-09-28T13:36:09","date_gmt":"2011-09-28T13:36:09","guid":{"rendered":"https:\/\/curatoriaforense.net\/_residencias\/indiferencia\/?page_id=4"},"modified":"2011-12-31T15:07:51","modified_gmt":"2011-12-31T15:07:51","slug":"equipo-workteam","status":"publish","type":"page","link":"https:\/\/curatoriaforense.net\/_residencias\/indiferencia\/?page_id=4","title":{"rendered":"equipo \/ workteam"},"content":{"rendered":"<p>Participan en la residencia artistas contempor\u00e1neos, gestores independientes e investigadores de arte de Argentina, Brasil, Chile, Colombia, M\u00e9xico y Venezuela.<\/p>\n<p>Participan en la residencia <a href=\"https:\/\/curatoriaforense.net\/_residencias\/indiferencia\/?tag=adelita-ahmad\">Adelita Ahmad<\/a>,<a href=\"https:\/\/curatoriaforense.net\/_residencias\/indiferencia\/?tag=amanda-de-la-garza\"> Amanda de la Garza Mata<\/a>, <a href=\"https:\/\/curatoriaforense.net\/_residencias\/indiferencia\/?tag=arlen-vasquez\">Arlen V\u00e1squez<\/a>, <a href=\"https:\/\/curatoriaforense.net\/_residencias\/indiferencia\/?tag=citlali-lopez\">Citlali L\u00f3pez Maldonado<\/a>, <a href=\"https:\/\/curatoriaforense.net\/_residencias\/indiferencia\/?tag=daniela-arnaudo\">Daniela Arnaudo<\/a>, <a href=\"https:\/\/curatoriaforense.net\/_residencias\/indiferencia\/?tag=eric-javier-markowski\">Eric Javier Markowski<\/a>, <a href=\"https:\/\/curatoriaforense.net\/_residencias\/indiferencia\/?tag=estrella-luna\">Estrella Luna Mu\u00f1oz<\/a>, Javier Arango Garfias, Laura Snyder, <a href=\"https:\/\/curatoriaforense.net\/_residencias\/indiferencia\/?tag=lucas-ardu\">Lucas Ardu<\/a>, <a href=\"https:\/\/curatoriaforense.net\/_residencias\/indiferencia\/?tag=sofia-carrillo\">Sof\u00eda Carrillo<\/a>, <a href=\"https:\/\/curatoriaforense.net\/_residencias\/indiferencia\/?tag=rosana-fernandez\">Rosana Fern\u00e1ndez<\/a>, <a href=\"https:\/\/curatoriaforense.net\/_residencias\/indiferencia\/?tag=virginia-buitron\">Virginia Buitr\u00f3n<\/a> y <a href=\"https:\/\/curatoriaforense.net\/_residencias\/indiferencia\/?tag=fabiola-tasca\">Fab\u00edola Tasca<\/a>.<\/p>\n<p>El equipo de trabajo est\u00e1 coordinado por Jorge Sep\u00falveda T. (curador independiente), Ilze Petroni (investigadora de arte) y Andr\u00e9s Jurado (artista e investigador de arte).<\/p>\n<p>Esta residencia es organizada por <a href=\"https:\/\/curatoriaforense.net\" target=\"_blank\">Curator\u00eda Forense<\/a> y Andr\u00e9s Jurado.<\/p>\n<p>Ver el equipo completo de trabajo de\u00a0<a href=\"https:\/\/curatoriaforense.net\/niued\/?page_id=2\" target=\"_blank\">Curator\u00eda Forense<\/a>.<\/p>\n","protected":false},"excerpt":{"rendered":"Participan en la residencia artistas contempor\u00e1neos, gestores independientes e investigadores de arte de Argentina, Brasil, Chile, Colombia, M\u00e9xico y Venezuela.\nParticipan en la residencia Adelita Ahmad, &hellip;","protected":false},"author":3,"featured_media":0,"parent":0,"menu_order":0,"comment_status":"open","ping_status":"open","template":"","meta":{"ngg_post_thumbnail":0,"footnotes":""},"class_list":["post-4","page","type-page","status-publish","hentry"],"_links":{"self":[{"href":"https:\/\/curatoriaforense.net\/_residencias\/indiferencia\/index.php?rest_route=\/wp\/v2\/pages\/4","targetHints":{"allow":["GET"]}}],"collection":[{"href":"https:\/\/curatoriaforense.net\/_residencias\/indiferencia\/index.php?rest_route=\/wp\/v2\/pages"}],"about":[{"href":"https:\/\/curatoriaforense.net\/_residencias\/indiferencia\/index.php?rest_route=\/wp\/v2\/types\/page"}],"author":[{"embeddable":true,"href":"https:\/\/curatoriaforense.net\/_residencias\/indiferencia\/index.php?rest_route=\/wp\/v2\/users\/3"}],"replies":[{"embeddable":true,"href":"https:\/\/curatoriaforense.net\/_residencias\/indiferencia\/index.php?rest_route=%2Fwp%2Fv2%2Fcomments&post=4"}],"version-history":[{"count":10,"href":"https:\/\/curatoriaforense.net\/_residencias\/indiferencia\/index.php?rest_route=\/wp\/v2\/pages\/4\/revisions"}],"predecessor-version":[{"id":235,"href":"https:\/\/curatoriaforense.net\/_residencias\/indiferencia\/index.php?rest_route=\/wp\/v2\/pages\/4\/revisions\/235"}],"wp:attachment":[{"href":"https:\/\/curatoriaforense.net\/_residencias\/indiferencia\/index.php?rest_route=%2Fwp%2Fv2%2Fmedia&parent=4"}],"curies":[{"name":"wp","href":"https:\/\/api.w.org\/{rel}","templated":true}]}}