{"id":9,"date":"2011-09-28T13:38:27","date_gmt":"2011-09-28T13:38:27","guid":{"rendered":"https:\/\/curatoriaforense.net\/_residencias\/indiferencia\/?page_id=9"},"modified":"2011-10-28T13:13:31","modified_gmt":"2011-10-28T13:13:31","slug":"galeria-image-gallery","status":"publish","type":"page","link":"https:\/\/curatoriaforense.net\/_residencias\/indiferencia\/?page_id=9","title":{"rendered":"Galer\u00eda \/ Image Gallery"},"content":{"rendered":"<p>Galer\u00eda de Im\u00e1genes producidas por los participantes de la residencia de arte contempor\u00e1neo en formato summer camp [INDIFERENCIA] (Bogot\u00e1, Colombia. 18 al 30 de octubre de 2011.<\/p>\n<p>&#8212;&#8212;&#8212;&#8212;&#8212;&#8212;&#8212;&#8212;&#8212;&#8212;&#8212;&#8212;&#8212;&#8212;&#8212;&#8212;&#8212;&#8212;&#8212;&#8212;&#8212;&#8212;-<br \/>\n<strong>Adelita Ahmad<\/strong> (<a href=\"https:\/\/curatoriaforense.net\/_residencias\/indiferencia\/?tag=adelita-ahmad\">ver reportes<\/a>)<br \/>\nngg_shortcode_0_placeholder<\/p>\n<p>&#8212;&#8212;&#8212;&#8212;&#8212;&#8212;&#8212;&#8212;&#8212;&#8212;&#8212;&#8212;&#8212;&#8212;&#8212;&#8212;&#8212;&#8212;&#8212;&#8212;&#8212;&#8212;-<\/p>\n<p><strong>Amanda de la Garza Mata <\/strong>(<a href=\"https:\/\/curatoriaforense.net\/_residencias\/indiferencia\/?tag=amanda-de-la-garza\">ver reportes<\/a>)<br \/>\nngg_shortcode_1_placeholder<\/p>\n<p>&#8212;&#8212;&#8212;&#8212;&#8212;&#8212;&#8212;&#8212;&#8212;&#8212;&#8212;&#8212;&#8212;&#8212;&#8212;&#8212;&#8212;&#8212;&#8212;&#8212;&#8212;&#8212;-<\/p>\n<p><strong>Arlen V\u00e1zquez <\/strong>(<a href=\"https:\/\/curatoriaforense.net\/_residencias\/indiferencia\/?tag=arlen-vasquez\">ver reportes<\/a>)<br \/>\nngg_shortcode_2_placeholder<\/p>\n<p>&#8212;&#8212;&#8212;&#8212;&#8212;&#8212;&#8212;&#8212;&#8212;&#8212;&#8212;&#8212;&#8212;&#8212;&#8212;&#8212;&#8212;&#8212;&#8212;&#8212;&#8212;&#8212;-<\/p>\n<p><strong>Citlali L\u00f3pez Maldonado <\/strong>(<a href=\"https:\/\/curatoriaforense.net\/_residencias\/indiferencia\/?tag=citlali-lopez\">ver reportes<\/a>)<br \/>\nngg_shortcode_3_placeholder<\/p>\n<p>&#8212;&#8212;&#8212;&#8212;&#8212;&#8212;&#8212;&#8212;&#8212;&#8212;&#8212;&#8212;&#8212;&#8212;&#8212;&#8212;&#8212;&#8212;&#8212;&#8212;&#8212;&#8212;-<\/p>\n<p><strong>Daniela Arnaudo <\/strong>(<a href=\"https:\/\/curatoriaforense.net\/_residencias\/indiferencia\/?tag=daniela-arnaudo\">ver reportes<\/a>)<br \/>\nngg_shortcode_4_placeholder<\/p>\n<p>&#8212;&#8212;&#8212;&#8212;&#8212;&#8212;&#8212;&#8212;&#8212;&#8212;&#8212;&#8212;&#8212;&#8212;&#8212;&#8212;&#8212;&#8212;&#8212;&#8212;&#8212;&#8212;-<\/p>\n<p><strong>Eric Markowski<\/strong> (<a href=\"https:\/\/curatoriaforense.net\/_residencias\/indiferencia\/?tag=eric-javier-markowski\">ver reportes<\/a>)<br \/>\nngg_shortcode_5_placeholder<\/p>\n<p>&#8212;&#8212;&#8212;&#8212;&#8212;&#8212;&#8212;&#8212;&#8212;&#8212;&#8212;&#8212;&#8212;&#8212;&#8212;&#8212;&#8212;&#8212;&#8212;&#8212;&#8212;&#8212;-<\/p>\n<p><strong>Estrella Luna Mu\u00f1oz<\/strong> (<a href=\"https:\/\/curatoriaforense.net\/_residencias\/indiferencia\/?tag=estrella-luna\">ver reportes<\/a>)<br \/>\nngg_shortcode_6_placeholder<\/p>\n<p>&#8212;&#8212;&#8212;&#8212;&#8212;&#8212;&#8212;&#8212;&#8212;&#8212;&#8212;&#8212;&#8212;&#8212;&#8212;&#8212;&#8212;&#8212;&#8212;&#8212;&#8212;&#8212;-<\/p>\n<p>Javier Arango Garfias<\/p>\n<p>&#8212;&#8212;&#8212;&#8212;&#8212;&#8212;&#8212;&#8212;&#8212;&#8212;&#8212;&#8212;&#8212;&#8212;&#8212;&#8212;&#8212;&#8212;&#8212;&#8212;&#8212;&#8212;-<\/p>\n<p>Laura Snyder<\/p>\n<p>&#8212;&#8212;&#8212;&#8212;&#8212;&#8212;&#8212;&#8212;&#8212;&#8212;&#8212;&#8212;&#8212;&#8212;&#8212;&#8212;&#8212;&#8212;&#8212;&#8212;&#8212;&#8212;-<\/p>\n<p><strong>Lucas Ard\u00fa <\/strong>(<a href=\"https:\/\/curatoriaforense.net\/_residencias\/indiferencia\/?tag=lucas-ardu\">ver reportes<\/a>)<br \/>\nngg_shortcode_7_placeholder<\/p>\n<p>&#8212;&#8212;&#8212;&#8212;&#8212;&#8212;&#8212;&#8212;&#8212;&#8212;&#8212;&#8212;&#8212;&#8212;&#8212;&#8212;&#8212;&#8212;&#8212;&#8212;&#8212;&#8212;-<\/p>\n<p><strong>Sof\u00eda Carrillo <\/strong>(<a href=\"https:\/\/curatoriaforense.net\/_residencias\/indiferencia\/?tag=sofia-carrillo\">ver reportes<\/a>)<br \/>\nngg_shortcode_8_placeholder<\/p>\n<p>&#8212;&#8212;&#8212;&#8212;&#8212;&#8212;&#8212;&#8212;&#8212;&#8212;&#8212;&#8212;&#8212;&#8212;&#8212;&#8212;&#8212;&#8212;&#8212;&#8212;&#8212;&#8212;-<\/p>\n<p><strong>Rosana Fern\u00e1ndez<\/strong> (<a href=\"https:\/\/curatoriaforense.net\/_residencias\/indiferencia\/?tag=rosana-fernandez\">ver reportes<\/a>)<br \/>\nngg_shortcode_9_placeholder<\/p>\n<p>&#8212;&#8212;&#8212;&#8212;&#8212;&#8212;&#8212;&#8212;&#8212;&#8212;&#8212;&#8212;&#8212;&#8212;&#8212;&#8212;&#8212;&#8212;&#8212;&#8212;&#8212;&#8212;-<\/p>\n<p><strong>Virginia Buitr\u00f3n<\/strong> (<a href=\"https:\/\/curatoriaforense.net\/_residencias\/indiferencia\/?tag=virginia-buitron\">ver reportes<\/a>)<br \/>\nngg_shortcode_10_placeholder<\/p>\n<p>&#8212;&#8212;&#8212;&#8212;&#8212;&#8212;&#8212;&#8212;&#8212;&#8212;&#8212;&#8212;&#8212;&#8212;&#8212;&#8212;&#8212;&#8212;&#8212;&#8212;&#8212;&#8212;-<\/p>\n<p><strong>Fab\u00edola Tasca <\/strong>(<a href=\"https:\/\/curatoriaforense.net\/_residencias\/indiferencia\/?tag=fabiola-tasca\">ver reportes<\/a>)<br \/>\nngg_shortcode_11_placeholder<\/p>\n","protected":false},"excerpt":{"rendered":"Galer\u00eda de Im\u00e1genes producidas por los participantes de la residencia de arte contempor\u00e1neo en formato summer camp  (Bogot\u00e1, Colombia. 18 al 30 de octubre &hellip;","protected":false},"author":3,"featured_media":0,"parent":0,"menu_order":0,"comment_status":"open","ping_status":"open","template":"","meta":{"ngg_post_thumbnail":0,"footnotes":""},"class_list":["post-9","page","type-page","status-publish","hentry"],"_links":{"self":[{"href":"https:\/\/curatoriaforense.net\/_residencias\/indiferencia\/index.php?rest_route=\/wp\/v2\/pages\/9","targetHints":{"allow":["GET"]}}],"collection":[{"href":"https:\/\/curatoriaforense.net\/_residencias\/indiferencia\/index.php?rest_route=\/wp\/v2\/pages"}],"about":[{"href":"https:\/\/curatoriaforense.net\/_residencias\/indiferencia\/index.php?rest_route=\/wp\/v2\/types\/page"}],"author":[{"embeddable":true,"href":"https:\/\/curatoriaforense.net\/_residencias\/indiferencia\/index.php?rest_route=\/wp\/v2\/users\/3"}],"replies":[{"embeddable":true,"href":"https:\/\/curatoriaforense.net\/_residencias\/indiferencia\/index.php?rest_route=%2Fwp%2Fv2%2Fcomments&post=9"}],"version-history":[{"count":10,"href":"https:\/\/curatoriaforense.net\/_residencias\/indiferencia\/index.php?rest_route=\/wp\/v2\/pages\/9\/revisions"}],"predecessor-version":[{"id":79,"href":"https:\/\/curatoriaforense.net\/_residencias\/indiferencia\/index.php?rest_route=\/wp\/v2\/pages\/9\/revisions\/79"}],"wp:attachment":[{"href":"https:\/\/curatoriaforense.net\/_residencias\/indiferencia\/index.php?rest_route=%2Fwp%2Fv2%2Fmedia&parent=9"}],"curies":[{"name":"wp","href":"https:\/\/api.w.org\/{rel}","templated":true}]}}