{"id":2,"date":"2011-12-30T11:42:59","date_gmt":"2011-12-30T11:42:59","guid":{"rendered":"https:\/\/curatoriaforense.net\/_residencias\/socialsummercamp2012\/?page_id=2"},"modified":"2012-02-07T17:07:32","modified_gmt":"2012-02-07T17:07:32","slug":"sample-page","status":"publish","type":"page","link":"https:\/\/curatoriaforense.net\/_residencias\/socialsummercamp2012\/?page_id=2","title":{"rendered":"Equipo de Trabajo \/ Workteam"},"content":{"rendered":"<p>El equipo de trabajo de la residencia de arte contempor\u00e1neo [SOCIAL SUMMER CAMP 3] est\u00e1 coordinado por Jorge Sep\u00falveda T. (curador independiente), Ilze Petroni (investigadora de arte) y Alicia Tapia Villar (Gestora de La Casona Solariega).<\/p>\n<p>Participan: <a href=\"https:\/\/curatoriaforense.net\/_residencias\/socialsummercamp2012\/?tag=adelita-ahmad\">Adelita Ahmad<\/a> (Sao Paulo, Brasil), <a href=\"https:\/\/curatoriaforense.net\/_residencias\/socialsummercamp2012\/?tag=eric-markowski\">Eric Markowski <\/a>(La Plata, Argentina), <a href=\"https:\/\/curatoriaforense.net\/_residencias\/socialsummercamp2012\/?tag=judith-le-roux\">Judith Le Roux<\/a> (C\u00f3rdoba, Argentina), <a href=\"https:\/\/curatoriaforense.net\/_residencias\/socialsummercamp2012\/?tag=lucas-ardu\">Lucas Ardu <\/a>(C\u00f3rdoba, Argentina), <a href=\"https:\/\/curatoriaforense.net\/_residencias\/socialsummercamp2012\/?tag=rodrigo-ortega\">Rodrigo Ortega<\/a> (Santiago de Chile), <a href=\"https:\/\/curatoriaforense.net\/_residencias\/socialsummercamp2012\/?tag=virginia-buitron\">Virginia Buitr\u00f3n<\/a> (Buenos Aires, Argentina).<\/p>\n<p>Esta residencia es organizada por\u00a0<a href=\"https:\/\/curatoriaforense.net\/\" target=\"_blank\">Curator\u00eda Forense<\/a> y <a href=\"http:\/\/lacasonasolariega.net\/\" target=\"_blank\">La Casona Solariega<\/a>, colaboran la <a href=\"http:\/\/www.bibliotecapopularjuliotapia.net\/\" target=\"_blank\">Biblioteca Popular Julio Tapia<\/a>, <a href=\"http:\/\/villalegre.cl\/\" target=\"_blank\">Ilustre Municipalidad de Villa Alegre<\/a>, <a href=\"http:\/\/www.cooploncomilla.cl\/\" target=\"_blank\">Cooperativa Loncomilla<\/a> y la Junta de Vecinos de la Estaci\u00f3n Villa Alegre.<\/p>\n<p>Ver el equipo completo de trabajo de\u00a0<a href=\"https:\/\/curatoriaforense.net\/niued\/?page_id=2\" target=\"_blank\">Curator\u00eda Forense<\/a>.<\/p>\n","protected":false},"excerpt":{"rendered":"<p>El equipo de trabajo de la residencia de arte contempor\u00e1neo [SOCIAL SUMMER CAMP 3] est\u00e1 coordinado por Jorge Sep\u00falveda T. (curador independiente), Ilze Petroni (investigadora de arte) y Alicia Tapia&hellip;<\/p>\n","protected":false},"author":3,"featured_media":0,"parent":0,"menu_order":0,"comment_status":"open","ping_status":"open","template":"","meta":{"ngg_post_thumbnail":0,"footnotes":""},"class_list":["post-2","page","type-page","status-publish","hentry"],"_links":{"self":[{"href":"https:\/\/curatoriaforense.net\/_residencias\/socialsummercamp2012\/index.php?rest_route=\/wp\/v2\/pages\/2","targetHints":{"allow":["GET"]}}],"collection":[{"href":"https:\/\/curatoriaforense.net\/_residencias\/socialsummercamp2012\/index.php?rest_route=\/wp\/v2\/pages"}],"about":[{"href":"https:\/\/curatoriaforense.net\/_residencias\/socialsummercamp2012\/index.php?rest_route=\/wp\/v2\/types\/page"}],"author":[{"embeddable":true,"href":"https:\/\/curatoriaforense.net\/_residencias\/socialsummercamp2012\/index.php?rest_route=\/wp\/v2\/users\/3"}],"replies":[{"embeddable":true,"href":"https:\/\/curatoriaforense.net\/_residencias\/socialsummercamp2012\/index.php?rest_route=%2Fwp%2Fv2%2Fcomments&post=2"}],"version-history":[{"count":8,"href":"https:\/\/curatoriaforense.net\/_residencias\/socialsummercamp2012\/index.php?rest_route=\/wp\/v2\/pages\/2\/revisions"}],"predecessor-version":[{"id":5,"href":"https:\/\/curatoriaforense.net\/_residencias\/socialsummercamp2012\/index.php?rest_route=\/wp\/v2\/pages\/2\/revisions\/5"}],"wp:attachment":[{"href":"https:\/\/curatoriaforense.net\/_residencias\/socialsummercamp2012\/index.php?rest_route=%2Fwp%2Fv2%2Fmedia&parent=2"}],"curies":[{"name":"wp","href":"https:\/\/api.w.org\/{rel}","templated":true}]}}