{"id":55,"date":"2012-02-01T12:47:46","date_gmt":"2012-02-01T12:47:46","guid":{"rendered":"https:\/\/curatoriaforense.net\/_residencias\/socialsummercamp2012\/?page_id=55"},"modified":"2012-02-07T18:04:23","modified_gmt":"2012-02-07T18:04:23","slug":"galeria-de-imagenes","status":"publish","type":"page","link":"https:\/\/curatoriaforense.net\/_residencias\/socialsummercamp2012\/?page_id=55","title":{"rendered":"Galer\u00eda de Im\u00e1genes"},"content":{"rendered":"<p>ACTIVIDADES DE LA RESIDENCIA DE ARTE CONTEMPOR\u00c1NEO<\/p>\n<p>Dancing Days<\/p>\nngg_shortcode_0_placeholder\n<p>IMAGENES DE LOS REPORTES DE LOS RESIDENTES.<\/p>\n<p>&gt;<span style=\"color: #000000;\"><strong> Adelita Ahmad<\/strong><\/span><\/p>\nngg_shortcode_1_placeholder\n<p>&gt;<strong> <span style=\"color: #000000;\">Eric Markowski<\/span><\/strong><\/p>\nngg_shortcode_2_placeholder\n<p>&gt;<strong><span style=\"color: #000000;\"> Judith Le Roux<\/span><\/strong><\/p>\nngg_shortcode_3_placeholder\n<p>&gt; <strong><span style=\"color: #000000;\">Virginia Buitr\u00f3n<\/span><\/strong><\/p>\nngg_shortcode_4_placeholder\n","protected":false},"excerpt":{"rendered":"<p>ACTIVIDADES DE LA RESIDENCIA DE ARTE CONTEMPOR\u00c1NEO Dancing Days IMAGENES DE LOS REPORTES DE LOS RESIDENTES. &gt; Adelita Ahmad &gt; Eric Markowski &gt; Judith Le Roux &gt; Virginia Buitr\u00f3n<\/p>\n","protected":false},"author":3,"featured_media":0,"parent":0,"menu_order":0,"comment_status":"open","ping_status":"open","template":"","meta":{"ngg_post_thumbnail":0,"footnotes":""},"class_list":["post-55","page","type-page","status-publish","hentry"],"_links":{"self":[{"href":"https:\/\/curatoriaforense.net\/_residencias\/socialsummercamp2012\/index.php?rest_route=\/wp\/v2\/pages\/55","targetHints":{"allow":["GET"]}}],"collection":[{"href":"https:\/\/curatoriaforense.net\/_residencias\/socialsummercamp2012\/index.php?rest_route=\/wp\/v2\/pages"}],"about":[{"href":"https:\/\/curatoriaforense.net\/_residencias\/socialsummercamp2012\/index.php?rest_route=\/wp\/v2\/types\/page"}],"author":[{"embeddable":true,"href":"https:\/\/curatoriaforense.net\/_residencias\/socialsummercamp2012\/index.php?rest_route=\/wp\/v2\/users\/3"}],"replies":[{"embeddable":true,"href":"https:\/\/curatoriaforense.net\/_residencias\/socialsummercamp2012\/index.php?rest_route=%2Fwp%2Fv2%2Fcomments&post=55"}],"version-history":[{"count":4,"href":"https:\/\/curatoriaforense.net\/_residencias\/socialsummercamp2012\/index.php?rest_route=\/wp\/v2\/pages\/55\/revisions"}],"predecessor-version":[{"id":58,"href":"https:\/\/curatoriaforense.net\/_residencias\/socialsummercamp2012\/index.php?rest_route=\/wp\/v2\/pages\/55\/revisions\/58"}],"wp:attachment":[{"href":"https:\/\/curatoriaforense.net\/_residencias\/socialsummercamp2012\/index.php?rest_route=%2Fwp%2Fv2%2Fmedia&parent=55"}],"curies":[{"name":"wp","href":"https:\/\/api.w.org\/{rel}","templated":true}]}}