{"id":2427,"date":"2014-09-25T15:22:54","date_gmt":"2014-09-25T22:22:54","guid":{"rendered":"https:\/\/curatoriaforense.net\/niued\/?page_id=2427"},"modified":"2016-06-11T19:53:55","modified_gmt":"2016-06-12T02:53:55","slug":"english-version","status":"publish","type":"page","link":"https:\/\/curatoriaforense.net\/niued\/?page_id=2427","title":{"rendered":"(English Version)"},"content":{"rendered":"<p style=\"text-align: right;\"><a href=\"https:\/\/curatoriaforense.net\/niued\/?page_id=2428\">vers\u00e3o em portugu\u00eas<\/a>\u00a0\/ <a href=\"https:\/\/curatoriaforense.net\/niued\/?page_id=2\">versi\u00f3n en espa\u00f1ol<\/a><\/p>\n<p style=\"text-align: right;\"><a href=\"https:\/\/curatoriaforense.net\/niued\/?page_id=2655\">Contact the workteam of\u00a0<\/a><br \/>\n<a href=\"https:\/\/curatoriaforense.net\/niued\/?page_id=2655\"><em>Curator\u00eda Forense &#8211; Latinoam\u00e9rica<\/em><\/a>.<\/p>\n<p><strong>Curator\u00eda Forense<\/strong> is a multidisciplinary group dedicated to contemporary art practices in Latin America. Its activities begun in 2005 in Santiago de Chile. At start the organization emerged so as to cover a flaw regarding exhibitive possibilities for young Chilean contemporary artists, who were not able to participate in the established art institutions. At that time, the main mission was to research on the curatorial field establishing a horizontal relationship between the producer and the curator in order to create new capabilities for aesthetic experimentation.<\/p>\n<p>Since 2009 Curator\u00eda Forense turned into a nomadic organization that focuses and carries out research on the processes of emergence and consolidation of peripheral local contemporary art scenes in the Latin America.<\/p>\n<p>This shift implied the innovation in the methodology as well as in the production of texts and activities in order to understand how contemporary art occurs in communities that have a lack of resources and weak cultural policies. To this effect, Curator\u00eda Forense became a vector between different scenes, developing collaborative projects.<\/p>\n<p>We encourage the generation of thought, knowledge and interaction focusing on the triangulation of contemporary art and debate with different communities.<\/p>\n<p>Our goal is to test -on facts and on ideas- the diagrams and hypothesis that we generate.<\/p>\n<p>Our mission is to build a network in order to create and consolidate affective and effective relationships with art and cultural practitioners along the continent.<\/p>\n<p>&nbsp;<\/p>\n<p>&nbsp;<\/p>\n<table border=\"0\" width=\"100%\">\n<tbody>\n<tr>\n<td rowspan=\"3\" bgcolor=\"#cccccc\"><a href=\"https:\/\/curatoriaforense.net\/niued\/wp-content\/uploads\/2008\/06\/jorge_sepulveda.jpg\"><img loading=\"lazy\" decoding=\"async\" width=\"400\" height=\"399\" class=\"size-thumbnail wp-image-199\" title=\"jorge_sepulveda\" src=\"https:\/\/curatoriaforense.net\/niued\/wp-content\/uploads\/2009\/07\/jorge_sepulveda.jpg\" alt=\"\" \/><\/a><\/td>\n<td width=\"10\"><\/td>\n<td style=\"text-align: justify;\"><strong>Jorge Sep\u00falveda T.<\/strong> (b. 1971 Chile). Independent curator and art critic. He has curated and advised more than 25 solo and group exhibitions of South American visual artists. In 2005 he created the Working Group Curator\u00eda Forense, having been the editor of the Digital Magazine of Arts and Social Sciences Sepiensa between 2000 and 2006 (www.sepiensa.cl). He has lectured and given seminars on contemporary visual arts, art circuit, public cultural policies, artistic and social imaginary and contemporary art autonomous initiatives at various institutions and spaces of Argentina, Brazil, Colombia, Costa Rica, Chile, Ecuador, France, Italy, Mexico, Uruguay and Venezuela. His texts have been published in various media. Among them: Documenta 12 Magazine, SalonKritik , artenlinea, ArteyCr\u00edtica Plus Magazine and Alzaprima. He is founding member and coordinator of the Network of Autonomous Contemporary Art Initiatives &#8211; Latinamerica (www.gestionautonomadearte.net).In 2013 he founded, together with Ilze Petroni, the publishing project of Curator\u00eda Forense, editing in 2013 the book of the Meeting for Autonomous Contemporary Visual Arts Initiatives and Official Writing. Essays on cultural and art policies by the Chilean curator and critic Justo Pastor Mellado.<\/td>\n<\/tr>\n<tr>\n<td width=\"10\"><\/td>\n<td><\/td>\n<\/tr>\n<\/tbody>\n<\/table>\n<p>Between November 2009 and November 2014, was \u00a0Coordinator of Curator\u00eda Forense\u00a0<strong>Ilze Petroni<\/strong> (b. 1976 Argentina). Contemporary Art Researcher and Ph.D in Arts from the National University of C\u00f3rdoba (UNC).<\/p>\n","protected":false},"excerpt":{"rendered":"<p>vers\u00e3o em portugu\u00eas\u00a0\/ versi\u00f3n en espa\u00f1ol Contact the workteam of\u00a0 Curator\u00eda Forense &#8211; Latinoam\u00e9rica. Curator\u00eda Forense is a multidisciplinary group dedicated to contemporary art practices in Latin America. Its activities begun in 2005 in Santiago de Chile. At start the organization emerged so as to cover a flaw regarding exhibitive possibilities for young Chilean contemporary [&hellip;]<\/p>\n","protected":false},"author":16,"featured_media":0,"parent":0,"menu_order":0,"comment_status":"open","ping_status":"open","template":"","meta":{"saved_in_kubio":false,"_monsterinsights_skip_tracking":false,"_monsterinsights_sitenote_active":false,"_monsterinsights_sitenote_note":"","_monsterinsights_sitenote_category":0,"ngg_post_thumbnail":0,"_joinchat":[],"footnotes":""},"class_list":["post-2427","page","type-page","status-publish","hentry"],"kubio_ai_page_context":{"short_desc":"","purpose":"general"},"_links":{"self":[{"href":"https:\/\/curatoriaforense.net\/niued\/index.php?rest_route=\/wp\/v2\/pages\/2427","targetHints":{"allow":["GET"]}}],"collection":[{"href":"https:\/\/curatoriaforense.net\/niued\/index.php?rest_route=\/wp\/v2\/pages"}],"about":[{"href":"https:\/\/curatoriaforense.net\/niued\/index.php?rest_route=\/wp\/v2\/types\/page"}],"author":[{"embeddable":true,"href":"https:\/\/curatoriaforense.net\/niued\/index.php?rest_route=\/wp\/v2\/users\/16"}],"replies":[{"embeddable":true,"href":"https:\/\/curatoriaforense.net\/niued\/index.php?rest_route=%2Fwp%2Fv2%2Fcomments&post=2427"}],"version-history":[{"count":6,"href":"https:\/\/curatoriaforense.net\/niued\/index.php?rest_route=\/wp\/v2\/pages\/2427\/revisions"}],"predecessor-version":[{"id":2661,"href":"https:\/\/curatoriaforense.net\/niued\/index.php?rest_route=\/wp\/v2\/pages\/2427\/revisions\/2661"}],"wp:attachment":[{"href":"https:\/\/curatoriaforense.net\/niued\/index.php?rest_route=%2Fwp%2Fv2%2Fmedia&parent=2427"}],"curies":[{"name":"wp","href":"https:\/\/api.w.org\/{rel}","templated":true}]}}