{"id":443,"date":"2010-07-23T06:51:43","date_gmt":"2010-07-23T13:51:43","guid":{"rendered":"https:\/\/curatoriaforense.net\/niued\/?page_id=443"},"modified":"2014-12-10T06:37:22","modified_gmt":"2014-12-10T13:37:22","slug":"proximas-actividades-next-activities","status":"publish","type":"page","link":"https:\/\/curatoriaforense.net\/niued\/?page_id=443","title":{"rendered":"Actividades 2009 &#8211; 2014 \/ Activities 2009 -2014"},"content":{"rendered":"<p style=\"text-align: justify;\">Principales Actividades, Encuentros, Exposiciones y Residencias de Arte Contempor\u00e1neo organizadas por Curator\u00eda Forense &#8211; Latinoam\u00e9rica en conjunto con gestiones aut\u00f3nomas locales de Centro y Sudam\u00e9rica entre los a\u00f1os 2009 y 2014.<\/p>\n<p style=\"text-align: justify;\">El listado completo de los equipos de trabajo de cada actividad est\u00e1 disponible en la p\u00e1gina de cada actividad y en la secci\u00f3n <a href=\"https:\/\/curatoriaforense.net\/niued\/?page_id=2\" target=\"_blank\">Equipo de Trabajo<\/a>.<\/p>\n<p style=\"text-align: center;\"><a href=\"https:\/\/curatoriaforense.net\/niued\/wp-content\/uploads\/2010\/07\/CURATORIA_FORENSE_actividades-2009-2013-sept.jpg\"><img loading=\"lazy\" decoding=\"async\" src=\"https:\/\/curatoriaforense.net\/niued\/wp-content\/uploads\/2010\/07\/CURATORIA_FORENSE_actividades-2009-2013-sept-300x230.jpg\" alt=\"CURATORIA_FORENSE_actividades 2009 - 2013-sept\" width=\"300\" height=\"230\" \/><\/a><\/p>\n<p style=\"text-align: center;\">Todas actividades del grupo de trabajo Curator\u00eda Forense<br \/>\nLatinoam\u00e9rica est\u00e1n disponibles en la<br \/>\n<strong><a href=\"http:\/\/www.gestionautonomadearte.net\/site\/?tag=curatoria-forense-latinoamerica\" target=\"_blank\">Red de Gestiones Aut\u00f3nomas de Arte Contempor\u00e1neo<\/a><\/strong><\/p>\n<p><a href=\"http:\/\/www.gestionautonomadearte.net\/site\/?tag=curatoria-forense-latinoamerica\" target=\"_blank\"><img loading=\"lazy\" decoding=\"async\" class=\"aligncenter\" src=\"https:\/\/curatoriaforense.net\/niued\/wp-content\/uploads\/2013\/04\/gestion_autonoma_de_arte_contemporaneo-300x98.jpg\" alt=\"Gestion Autonoma de Arte Contemporaneo\" width=\"300\" height=\"98\" \/><\/a><\/p>\n","protected":false},"excerpt":{"rendered":"<p>Principales Actividades, Encuentros, Exposiciones y Residencias de Arte Contempor\u00e1neo organizadas por Curator\u00eda Forense &#8211; Latinoam\u00e9rica en conjunto con gestiones aut\u00f3nomas locales de Centro y Sudam\u00e9rica entre los a\u00f1os 2009 y 2014. El listado completo de los equipos de trabajo de cada actividad est\u00e1 disponible en la p\u00e1gina de cada actividad y en la secci\u00f3n Equipo [&hellip;]<\/p>\n","protected":false},"author":16,"featured_media":0,"parent":0,"menu_order":0,"comment_status":"open","ping_status":"open","template":"","meta":{"saved_in_kubio":false,"_monsterinsights_skip_tracking":false,"_monsterinsights_sitenote_active":false,"_monsterinsights_sitenote_note":"","_monsterinsights_sitenote_category":0,"ngg_post_thumbnail":0,"_joinchat":[],"footnotes":""},"class_list":["post-443","page","type-page","status-publish","hentry"],"kubio_ai_page_context":{"short_desc":"","purpose":"general"},"_links":{"self":[{"href":"https:\/\/curatoriaforense.net\/niued\/index.php?rest_route=\/wp\/v2\/pages\/443","targetHints":{"allow":["GET"]}}],"collection":[{"href":"https:\/\/curatoriaforense.net\/niued\/index.php?rest_route=\/wp\/v2\/pages"}],"about":[{"href":"https:\/\/curatoriaforense.net\/niued\/index.php?rest_route=\/wp\/v2\/types\/page"}],"author":[{"embeddable":true,"href":"https:\/\/curatoriaforense.net\/niued\/index.php?rest_route=\/wp\/v2\/users\/16"}],"replies":[{"embeddable":true,"href":"https:\/\/curatoriaforense.net\/niued\/index.php?rest_route=%2Fwp%2Fv2%2Fcomments&post=443"}],"version-history":[{"count":10,"href":"https:\/\/curatoriaforense.net\/niued\/index.php?rest_route=\/wp\/v2\/pages\/443\/revisions"}],"predecessor-version":[{"id":2479,"href":"https:\/\/curatoriaforense.net\/niued\/index.php?rest_route=\/wp\/v2\/pages\/443\/revisions\/2479"}],"wp:attachment":[{"href":"https:\/\/curatoriaforense.net\/niued\/index.php?rest_route=%2Fwp%2Fv2%2Fmedia&parent=443"}],"curies":[{"name":"wp","href":"https:\/\/api.w.org\/{rel}","templated":true}]}}