{"id":645,"date":"2010-10-03T18:20:57","date_gmt":"2010-10-04T01:20:57","guid":{"rendered":"https:\/\/curatoriaforense.net\/niued\/?page_id=645"},"modified":"2011-12-22T09:35:14","modified_gmt":"2011-12-22T16:35:14","slug":"cf-galeria-de-imagenes-images-gallery","status":"publish","type":"page","link":"https:\/\/curatoriaforense.net\/niued\/?page_id=645","title":{"rendered":"CF \/ Galer\u00eda de im\u00e1genes &#8211; images gallery"},"content":{"rendered":"<table width=\"100%\" border=\"0\">\n<tbody>\n<tr>\n<td>En esta secci\u00f3n recopilamos im\u00e1genes de registro fotogr\u00e1fico realizadas durante las actividades organizadas por el grupo de trabajo Curator\u00eda Forense.<\/p>\n<p>Sugierenos otras imagenes para incluir enviando un mail a brainstorming@curatoriaforense.net<\/td>\n<td width=\"10\"><\/td>\n<td style=\"text-align: right;\" bgcolor=\"#E1E1E1\">ver <a href=\"https:\/\/curatoriaforense.net\/niued\/?page_id=1360\">Videos<\/a><\/p>\n<p>ver <a href=\"https:\/\/curatoriaforense.net\/niued\/?page_id=2\">Equipo de trabajo<\/a><\/p>\n<p>ver <a href=\"https:\/\/curatoriaforense.net\/_residencias\/\">Residencias de Arte Contempor\u00e1neo<\/a><\/td>\n<\/tr>\n<\/tbody>\n<\/table>\n<p>&nbsp;<\/p>\n<p>[like]<\/p>\nngg_shortcode_0_placeholder\n","protected":false},"excerpt":{"rendered":"<p>En esta secci\u00f3n recopilamos im\u00e1genes de registro fotogr\u00e1fico realizadas durante las actividades organizadas por el grupo de trabajo Curator\u00eda Forense. Sugierenos otras imagenes para incluir enviando un mail a brainstorming@curatoriaforense.net ver Videos ver Equipo de trabajo ver Residencias de Arte Contempor\u00e1neo &nbsp; [like]<\/p>\n","protected":false},"author":16,"featured_media":0,"parent":0,"menu_order":0,"comment_status":"open","ping_status":"open","template":"","meta":{"saved_in_kubio":false,"_monsterinsights_skip_tracking":false,"_monsterinsights_sitenote_active":false,"_monsterinsights_sitenote_note":"","_monsterinsights_sitenote_category":0,"ngg_post_thumbnail":0,"_joinchat":[],"footnotes":""},"class_list":["post-645","page","type-page","status-publish","hentry"],"kubio_ai_page_context":{"short_desc":"","purpose":"general"},"_links":{"self":[{"href":"https:\/\/curatoriaforense.net\/niued\/index.php?rest_route=\/wp\/v2\/pages\/645","targetHints":{"allow":["GET"]}}],"collection":[{"href":"https:\/\/curatoriaforense.net\/niued\/index.php?rest_route=\/wp\/v2\/pages"}],"about":[{"href":"https:\/\/curatoriaforense.net\/niued\/index.php?rest_route=\/wp\/v2\/types\/page"}],"author":[{"embeddable":true,"href":"https:\/\/curatoriaforense.net\/niued\/index.php?rest_route=\/wp\/v2\/users\/16"}],"replies":[{"embeddable":true,"href":"https:\/\/curatoriaforense.net\/niued\/index.php?rest_route=%2Fwp%2Fv2%2Fcomments&post=645"}],"version-history":[{"count":8,"href":"https:\/\/curatoriaforense.net\/niued\/index.php?rest_route=\/wp\/v2\/pages\/645\/revisions"}],"predecessor-version":[{"id":2120,"href":"https:\/\/curatoriaforense.net\/niued\/index.php?rest_route=\/wp\/v2\/pages\/645\/revisions\/2120"}],"wp:attachment":[{"href":"https:\/\/curatoriaforense.net\/niued\/index.php?rest_route=%2Fwp%2Fv2%2Fmedia&parent=645"}],"curies":[{"name":"wp","href":"https:\/\/api.w.org\/{rel}","templated":true}]}}